{"id":8095,"date":"2023-04-11T19:04:26","date_gmt":"2023-04-11T18:04:26","guid":{"rendered":"https:\/\/www.mycanyon.fr\/?page_id=8095"},"modified":"2023-04-13T21:14:09","modified_gmt":"2023-04-13T20:14:09","slug":"articles-de-canyoning","status":"publish","type":"page","link":"https:\/\/www.mycanyon.fr\/en\/articles-de-canyoning\/","title":{"rendered":"Articles de canyoning : tous nos guides pour pratiquer le canyoning"},"content":{"rendered":"<div id=\"pl-gb8095-69e4cd5bca627\"  class=\"panel-layout\" ><div id=\"pg-gb8095-69e4cd5bca627-0\"  class=\"panel-grid panel-no-style\" ><div id=\"pgc-gb8095-69e4cd5bca627-0-0\"  class=\"panel-grid-cell\" ><div id=\"panel-gb8095-69e4cd5bca627-0-0-0\" class=\"so-panel widget widget_sow-editor panel-first-child panel-last-child\" data-index=\"0\" ><div\n\t\t\t\n\t\t\tclass=\"so-widget-sow-editor so-widget-sow-editor-base\"\n\t\t\t\n\t\t>\n<div class=\"siteorigin-widget-tinymce textwidget\">\n\t<h2>Plongez dans notre collection d&rsquo;articles sur le canyoning !<\/h2>\n<p>&nbsp;<\/p>\n<p>Tout d&rsquo;abord, le canyoning est une activit\u00e9 passionnante et riche en \u00e9motions fortes.<\/p>\n<p>Mais elle n\u00e9cessite une certaine pr\u00e9paration pour \u00e9viter les risques inutiles. Heureusement, mon site propose <strong>une collection compl\u00e8te d&rsquo;articles<\/strong> sur le canyoning. Qui plus est, pour vous aider \u00e0 planifier et vivre une exp\u00e9rience inoubliable en toute s\u00e9curit\u00e9.<\/p>\n<p>La preuve c&rsquo;est que <span style=\"text-decoration: underline;\">ma collection couvre un large \u00e9ventail de sujets.<\/span><\/p>\n<p>J&rsquo;ai \u00e9galement pr\u00e9vu un article sur les destinations de canyoning populaires dans le monde entier. Plus pr\u00e9cis\u00e9ment, je vais vous permettre de d\u00e9couvrir les meilleurs endroits pour pratiquer cette activit\u00e9 incroyable.<\/p>\n<h3>Vous \u00eates un d\u00e9butant cherchant \u00e0 d\u00e9couvrir le canyoning pour la premi\u00e8re fois ou un expert en qu\u00eate d&rsquo;informations plus avanc\u00e9e.<\/h3>\n<p><em>Ma collection en cours de cr\u00e9ations aura tout ce dont vous avez besoin pour vous pr\u00e9parer \u00e0 votre prochaine aventure<\/em>.<\/p>\n<p>Nul doute qu&rsquo;avec des conseils pratiques, mes articles, con\u00e7us pour vous aider \u00e0 profiter pleinement de cette activit\u00e9, vous apporteront plus de connaissances.<\/p>\n<p>Je suis fiers de vous offrir ce contenu de haute qualit\u00e9. Donc,\u00a0 <strong>je suis constamment \u00e0 la recherche de nouveaux sujets<\/strong> pour vous aider \u00e0 en apprendre davantage sur le canyoning.<\/p>\n<p>N&rsquo;h\u00e9sitez pas \u00e0 explorer notre collection et \u00e0 <strong>partager vos id\u00e9es et exp\u00e9riences avec moi pour de nouveaux articles<\/strong>.<\/p>\n<p>Alors, je suis convaincus que vous trouverez des <span style=\"text-decoration: underline;\">conseils pr\u00e9cieux<\/span> pour vous aider \u00e0 planifier votre prochaine aventure de canyoning en toute s\u00e9curit\u00e9.<\/p>\n<p>En somme, cette collection d&rsquo;articles sur le canyoning est l&rsquo;endroit id\u00e9al pour tous les passionn\u00e9s de cette activit\u00e9, qu&rsquo;ils soient d\u00e9butants ou experts. Explorez mes guides pratiques pour <a href=\"https:\/\/www.mycanyon.fr\/en\/canyoning-annecy\/\">vivre une exp\u00e9rience de canyoning inoubliable<\/a> tout en restant en s\u00e9curit\u00e9.<\/p>\n<\/div>\n<\/div><\/div><\/div><\/div><div id=\"pg-gb8095-69e4cd5bca627-1\"  class=\"panel-grid panel-no-style\" ><div id=\"pgc-gb8095-69e4cd5bca627-1-0\"  class=\"panel-grid-cell\" >\n\t\t<div id=\"panel-gb8095-69e4cd5bca627-1-0-0\" class=\"so-panel widget widget_recent-posts widget_recent_entries panel-first-child panel-last-child\" data-index=\"1\" >\n\t\t<h3 class=\"widget-title\">Articles<\/h3>\n\t\t<ul>\n\t\t\t\t\t\t\t\t\t\t\t<li>\n\t\t\t\t\t<a href=\"https:\/\/www.mycanyon.fr\/en\/canyoning-bauges-aventure-aquatique\/\">D\u00e9couvrez les descentes en canyoning dans le magnifique massif des Bauges<\/a>\n\t\t\t\t\t\t\t\t\t<\/li>\n\t\t\t\t\t\t\t\t\t\t\t<li>\n\t\t\t\t\t<a href=\"https:\/\/www.mycanyon.fr\/en\/canyoning-annecy-parcours-aventure\/\">Vivez l&rsquo;excitation du canyoning \u00e0 Annecy : Explorez les meilleurs parcours aquatiques de la r\u00e9gion<\/a>\n\t\t\t\t\t\t\t\t\t<\/li>\n\t\t\t\t\t\t\t\t\t\t\t<li>\n\t\t\t\t\t<a href=\"https:\/\/www.mycanyon.fr\/en\/top-3-erreurs-courantes-canyoning-conseils-securite-debutants\/\">Top 3 des erreurs courantes \u00e0 \u00e9viter en canyoning<\/a>\n\t\t\t\t\t\t\t\t\t<\/li>\n\t\t\t\t\t\t\t\t\t\t\t<li>\n\t\t\t\t\t<a href=\"https:\/\/www.mycanyon.fr\/en\/activite-team-building-pour-agrementer-votre-seminaire\/\">Team building activity to enhance your seminar!<\/a>\n\t\t\t\t\t\t\t\t\t<\/li>\n\t\t\t\t\t\t\t\t\t\t\t<li>\n\t\t\t\t\t<a href=\"https:\/\/www.mycanyon.fr\/en\/ice-canyon\/\">Ice Canyon : Pourquoi le canyoning hivernal est-il une exp\u00e9rience \u00e0 ne pas manquer ?<\/a>\n\t\t\t\t\t\t\t\t\t<\/li>\n\t\t\t\t\t<\/ul>\n\n\t\t<\/div><\/div><div id=\"pgc-gb8095-69e4cd5bca627-1-1\"  class=\"panel-grid-cell\" ><div id=\"panel-gb8095-69e4cd5bca627-1-1-0\" class=\"so-panel widget widget_sow-image panel-first-child panel-last-child\" data-index=\"2\" ><div\n\t\t\t\n\t\t\tclass=\"so-widget-sow-image so-widget-sow-image-default-8b5b6f678277-8095\"\n\t\t\t\n\t\t>\n<div class=\"sow-image-container\">\n\t\t<img \n\tsrc=\"https:\/\/www.mycanyon.fr\/wp-content\/uploads\/2023\/04\/pont-du-diable-web1.jpg\" width=\"770\" height=\"578\" srcset=\"https:\/\/www.mycanyon.fr\/wp-content\/uploads\/2023\/04\/pont-du-diable-web1.jpg 770w, https:\/\/www.mycanyon.fr\/wp-content\/uploads\/2023\/04\/pont-du-diable-web1-300x225.jpg 300w, https:\/\/www.mycanyon.fr\/wp-content\/uploads\/2023\/04\/pont-du-diable-web1-768x576.jpg 768w, https:\/\/www.mycanyon.fr\/wp-content\/uploads\/2023\/04\/pont-du-diable-web1-16x12.jpg 16w, https:\/\/www.mycanyon.fr\/wp-content\/uploads\/2023\/04\/pont-du-diable-web1-150x113.jpg 150w\" sizes=\"(max-width: 770px) 100vw, 770px\" alt=\"articles de canyoning\" \t\tclass=\"so-widget-image\"\/>\n\t<\/div>\n\n<\/div><\/div><\/div><\/div><\/div>","protected":false},"excerpt":{"rendered":"<p>Plongez dans notre collection d&rsquo;articles sur le canyoning ! &nbsp; Tout d&rsquo;abord, le canyoning est une activit\u00e9 passionnante et riche en \u00e9motions fortes. Mais elle n\u00e9cessite une certaine pr\u00e9paration pour \u00e9viter les risques inutiles. Heureusement, mon site propose une collection compl\u00e8te d&rsquo;articles sur le canyoning. Qui plus est, pour vous\u2026<\/p>\n<p class=\"continue-reading-button\"> <a class=\"continue-reading-link\" href=\"https:\/\/www.mycanyon.fr\/en\/articles-de-canyoning\/\">Continuer \u00e0 lire<i class=\"crycon-right-dir\"><\/i><\/a><\/p>","protected":false},"author":3,"featured_media":0,"parent":0,"menu_order":0,"comment_status":"closed","ping_status":"closed","template":"","meta":{"footnotes":""},"class_list":["post-8095","page","type-page","status-publish","hentry"],"yoast_head":"<!-- This site is optimized with the Yoast SEO plugin v27.4 - https:\/\/yoast.com\/product\/yoast-seo-wordpress\/ -->\n<title>Articles de canyoning : tous nos guides pour pratiquer le canyoning - MY CANYON - Canyoning au lac d&#039;Annecy<\/title>\n<meta name=\"description\" content=\"Retrouvez tous nos articles de canyoning pour apprendre les bases, \u00e9viter les erreurs courantes et pratiquer en toute s\u00e9curit\u00e9.\" \/>\n<meta name=\"robots\" content=\"index, follow, max-snippet:-1, max-image-preview:large, max-video-preview:-1\" \/>\n<link rel=\"canonical\" href=\"https:\/\/www.mycanyon.fr\/en\/articles-de-canyoning\/\" \/>\n<meta property=\"og:locale\" content=\"en_GB\" \/>\n<meta property=\"og:type\" content=\"article\" \/>\n<meta property=\"og:title\" content=\"Articles de canyoning : tous nos guides pour pratiquer le canyoning - MY CANYON - Canyoning au lac d&#039;Annecy\" \/>\n<meta property=\"og:description\" content=\"Retrouvez tous nos articles de canyoning pour apprendre les bases, \u00e9viter les erreurs courantes et pratiquer en toute s\u00e9curit\u00e9.\" \/>\n<meta property=\"og:url\" content=\"https:\/\/www.mycanyon.fr\/en\/articles-de-canyoning\/\" \/>\n<meta property=\"og:site_name\" content=\"MY CANYON - Canyoning au lac d&#039;Annecy\" \/>\n<meta property=\"article:publisher\" content=\"http:\/\/www.facebook.com\/annecy.canyon\/\" \/>\n<meta property=\"article:modified_time\" content=\"2023-04-13T20:14:09+00:00\" \/>\n<meta property=\"og:image\" content=\"https:\/\/www.mycanyon.fr\/wp-content\/uploads\/2023\/04\/pont-du-diable-web1.jpg\" \/>\n<meta name=\"twitter:card\" content=\"summary_large_image\" \/>\n<meta name=\"twitter:label1\" content=\"Estimated reading time\" \/>\n\t<meta name=\"twitter:data1\" content=\"2 minutes\" \/>\n<script type=\"application\/ld+json\" class=\"yoast-schema-graph\">{\"@context\":\"https:\\\/\\\/schema.org\",\"@graph\":[{\"@type\":\"WebPage\",\"@id\":\"https:\\\/\\\/www.mycanyon.fr\\\/articles-de-canyoning\\\/\",\"url\":\"https:\\\/\\\/www.mycanyon.fr\\\/articles-de-canyoning\\\/\",\"name\":\"Articles de canyoning : tous nos guides pour pratiquer le canyoning - MY CANYON - Canyoning au lac d&#039;Annecy\",\"isPartOf\":{\"@id\":\"https:\\\/\\\/www.mycanyon.fr\\\/#website\"},\"primaryImageOfPage\":{\"@id\":\"https:\\\/\\\/www.mycanyon.fr\\\/articles-de-canyoning\\\/#primaryimage\"},\"image\":{\"@id\":\"https:\\\/\\\/www.mycanyon.fr\\\/articles-de-canyoning\\\/#primaryimage\"},\"thumbnailUrl\":\"https:\\\/\\\/www.mycanyon.fr\\\/wp-content\\\/uploads\\\/2023\\\/04\\\/pont-du-diable-web1.jpg\",\"datePublished\":\"2023-04-11T18:04:26+00:00\",\"dateModified\":\"2023-04-13T20:14:09+00:00\",\"description\":\"Retrouvez tous nos articles de canyoning pour apprendre les bases, \u00e9viter les erreurs courantes et pratiquer en toute s\u00e9curit\u00e9.\",\"breadcrumb\":{\"@id\":\"https:\\\/\\\/www.mycanyon.fr\\\/articles-de-canyoning\\\/#breadcrumb\"},\"inLanguage\":\"en-GB\",\"potentialAction\":[{\"@type\":\"ReadAction\",\"target\":[\"https:\\\/\\\/www.mycanyon.fr\\\/articles-de-canyoning\\\/\"]}]},{\"@type\":\"ImageObject\",\"inLanguage\":\"en-GB\",\"@id\":\"https:\\\/\\\/www.mycanyon.fr\\\/articles-de-canyoning\\\/#primaryimage\",\"url\":\"https:\\\/\\\/www.mycanyon.fr\\\/wp-content\\\/uploads\\\/2023\\\/04\\\/pont-du-diable-web1.jpg\",\"contentUrl\":\"https:\\\/\\\/www.mycanyon.fr\\\/wp-content\\\/uploads\\\/2023\\\/04\\\/pont-du-diable-web1.jpg\"},{\"@type\":\"BreadcrumbList\",\"@id\":\"https:\\\/\\\/www.mycanyon.fr\\\/articles-de-canyoning\\\/#breadcrumb\",\"itemListElement\":[{\"@type\":\"ListItem\",\"position\":1,\"name\":\"Accueil\",\"item\":\"https:\\\/\\\/www.mycanyon.fr\\\/\"},{\"@type\":\"ListItem\",\"position\":2,\"name\":\"Articles de canyoning : tous nos guides pour pratiquer le canyoning\"}]},{\"@type\":\"WebSite\",\"@id\":\"https:\\\/\\\/www.mycanyon.fr\\\/#website\",\"url\":\"https:\\\/\\\/www.mycanyon.fr\\\/\",\"name\":\"MY CANYON - Canyoning au lac d&#039;Annecy\",\"description\":\"L&#039;exp\u00e9rience unique du canyoning - Fun &amp; Ludique\",\"publisher\":{\"@id\":\"https:\\\/\\\/www.mycanyon.fr\\\/#organization\"},\"potentialAction\":[{\"@type\":\"SearchAction\",\"target\":{\"@type\":\"EntryPoint\",\"urlTemplate\":\"https:\\\/\\\/www.mycanyon.fr\\\/?s={search_term_string}\"},\"query-input\":{\"@type\":\"PropertyValueSpecification\",\"valueRequired\":true,\"valueName\":\"search_term_string\"}}],\"inLanguage\":\"en-GB\"},{\"@type\":\"Organization\",\"@id\":\"https:\\\/\\\/www.mycanyon.fr\\\/#organization\",\"name\":\"MY CANYON\",\"url\":\"https:\\\/\\\/www.mycanyon.fr\\\/\",\"logo\":{\"@type\":\"ImageObject\",\"inLanguage\":\"en-GB\",\"@id\":\"https:\\\/\\\/www.mycanyon.fr\\\/#\\\/schema\\\/logo\\\/image\\\/\",\"url\":\"https:\\\/\\\/www.mycanyon.fr\\\/wp-content\\\/uploads\\\/2018\\\/03\\\/logo-mycanyon-png.png\",\"contentUrl\":\"https:\\\/\\\/www.mycanyon.fr\\\/wp-content\\\/uploads\\\/2018\\\/03\\\/logo-mycanyon-png.png\",\"width\":510,\"height\":283,\"caption\":\"MY CANYON\"},\"image\":{\"@id\":\"https:\\\/\\\/www.mycanyon.fr\\\/#\\\/schema\\\/logo\\\/image\\\/\"},\"sameAs\":[\"http:\\\/\\\/www.facebook.com\\\/annecy.canyon\\\/\",\"https:\\\/\\\/www.instagram.com\\\/my_canyon\\\/\",\"https:\\\/\\\/www.linkedin.com\\\/in\\\/r\u00e9my-vilanova-guide-canyoning\\\/\",\"https:\\\/\\\/www.youtube.com\\\/channel\\\/UCRILRMSQGoLIoT9EeJXn-Sg\"]}]}<\/script>\n<!-- \/ Yoast SEO plugin. -->","yoast_head_json":{"title":"Articles de canyoning : tous nos guides pour pratiquer le canyoning - MY CANYON - Canyoning au lac d&#039;Annecy","description":"Retrouvez tous nos articles de canyoning pour apprendre les bases, \u00e9viter les erreurs courantes et pratiquer en toute s\u00e9curit\u00e9.","robots":{"index":"index","follow":"follow","max-snippet":"max-snippet:-1","max-image-preview":"max-image-preview:large","max-video-preview":"max-video-preview:-1"},"canonical":"https:\/\/www.mycanyon.fr\/en\/articles-de-canyoning\/","og_locale":"en_GB","og_type":"article","og_title":"Articles de canyoning : tous nos guides pour pratiquer le canyoning - MY CANYON - Canyoning au lac d&#039;Annecy","og_description":"Retrouvez tous nos articles de canyoning pour apprendre les bases, \u00e9viter les erreurs courantes et pratiquer en toute s\u00e9curit\u00e9.","og_url":"https:\/\/www.mycanyon.fr\/en\/articles-de-canyoning\/","og_site_name":"MY CANYON - Canyoning au lac d&#039;Annecy","article_publisher":"http:\/\/www.facebook.com\/annecy.canyon\/","article_modified_time":"2023-04-13T20:14:09+00:00","og_image":[{"url":"https:\/\/www.mycanyon.fr\/wp-content\/uploads\/2023\/04\/pont-du-diable-web1.jpg","type":"","width":"","height":""}],"twitter_card":"summary_large_image","twitter_misc":{"Estimated reading time":"2 minutes"},"schema":{"@context":"https:\/\/schema.org","@graph":[{"@type":"WebPage","@id":"https:\/\/www.mycanyon.fr\/articles-de-canyoning\/","url":"https:\/\/www.mycanyon.fr\/articles-de-canyoning\/","name":"Articles de canyoning : tous nos guides pour pratiquer le canyoning - MY CANYON - Canyoning au lac d&#039;Annecy","isPartOf":{"@id":"https:\/\/www.mycanyon.fr\/#website"},"primaryImageOfPage":{"@id":"https:\/\/www.mycanyon.fr\/articles-de-canyoning\/#primaryimage"},"image":{"@id":"https:\/\/www.mycanyon.fr\/articles-de-canyoning\/#primaryimage"},"thumbnailUrl":"https:\/\/www.mycanyon.fr\/wp-content\/uploads\/2023\/04\/pont-du-diable-web1.jpg","datePublished":"2023-04-11T18:04:26+00:00","dateModified":"2023-04-13T20:14:09+00:00","description":"Retrouvez tous nos articles de canyoning pour apprendre les bases, \u00e9viter les erreurs courantes et pratiquer en toute s\u00e9curit\u00e9.","breadcrumb":{"@id":"https:\/\/www.mycanyon.fr\/articles-de-canyoning\/#breadcrumb"},"inLanguage":"en-GB","potentialAction":[{"@type":"ReadAction","target":["https:\/\/www.mycanyon.fr\/articles-de-canyoning\/"]}]},{"@type":"ImageObject","inLanguage":"en-GB","@id":"https:\/\/www.mycanyon.fr\/articles-de-canyoning\/#primaryimage","url":"https:\/\/www.mycanyon.fr\/wp-content\/uploads\/2023\/04\/pont-du-diable-web1.jpg","contentUrl":"https:\/\/www.mycanyon.fr\/wp-content\/uploads\/2023\/04\/pont-du-diable-web1.jpg"},{"@type":"BreadcrumbList","@id":"https:\/\/www.mycanyon.fr\/articles-de-canyoning\/#breadcrumb","itemListElement":[{"@type":"ListItem","position":1,"name":"Accueil","item":"https:\/\/www.mycanyon.fr\/"},{"@type":"ListItem","position":2,"name":"Articles de canyoning : tous nos guides pour pratiquer le canyoning"}]},{"@type":"WebSite","@id":"https:\/\/www.mycanyon.fr\/#website","url":"https:\/\/www.mycanyon.fr\/","name":"MY CANYON - Canyoning au lac d&#039;Annecy","description":"L&#039;exp\u00e9rience unique du canyoning - Fun &amp; Ludique","publisher":{"@id":"https:\/\/www.mycanyon.fr\/#organization"},"potentialAction":[{"@type":"SearchAction","target":{"@type":"EntryPoint","urlTemplate":"https:\/\/www.mycanyon.fr\/?s={search_term_string}"},"query-input":{"@type":"PropertyValueSpecification","valueRequired":true,"valueName":"search_term_string"}}],"inLanguage":"en-GB"},{"@type":"Organization","@id":"https:\/\/www.mycanyon.fr\/#organization","name":"MY CANYON","url":"https:\/\/www.mycanyon.fr\/","logo":{"@type":"ImageObject","inLanguage":"en-GB","@id":"https:\/\/www.mycanyon.fr\/#\/schema\/logo\/image\/","url":"https:\/\/www.mycanyon.fr\/wp-content\/uploads\/2018\/03\/logo-mycanyon-png.png","contentUrl":"https:\/\/www.mycanyon.fr\/wp-content\/uploads\/2018\/03\/logo-mycanyon-png.png","width":510,"height":283,"caption":"MY CANYON"},"image":{"@id":"https:\/\/www.mycanyon.fr\/#\/schema\/logo\/image\/"},"sameAs":["http:\/\/www.facebook.com\/annecy.canyon\/","https:\/\/www.instagram.com\/my_canyon\/","https:\/\/www.linkedin.com\/in\/r\u00e9my-vilanova-guide-canyoning\/","https:\/\/www.youtube.com\/channel\/UCRILRMSQGoLIoT9EeJXn-Sg"]}]}},"_links":{"self":[{"href":"https:\/\/www.mycanyon.fr\/en\/wp-json\/wp\/v2\/pages\/8095","targetHints":{"allow":["GET"]}}],"collection":[{"href":"https:\/\/www.mycanyon.fr\/en\/wp-json\/wp\/v2\/pages"}],"about":[{"href":"https:\/\/www.mycanyon.fr\/en\/wp-json\/wp\/v2\/types\/page"}],"author":[{"embeddable":true,"href":"https:\/\/www.mycanyon.fr\/en\/wp-json\/wp\/v2\/users\/3"}],"replies":[{"embeddable":true,"href":"https:\/\/www.mycanyon.fr\/en\/wp-json\/wp\/v2\/comments?post=8095"}],"version-history":[{"count":12,"href":"https:\/\/www.mycanyon.fr\/en\/wp-json\/wp\/v2\/pages\/8095\/revisions"}],"predecessor-version":[{"id":8226,"href":"https:\/\/www.mycanyon.fr\/en\/wp-json\/wp\/v2\/pages\/8095\/revisions\/8226"}],"wp:attachment":[{"href":"https:\/\/www.mycanyon.fr\/en\/wp-json\/wp\/v2\/media?parent=8095"}],"curies":[{"name":"wp","href":"https:\/\/api.w.org\/{rel}","templated":true}]}}