{"id":693,"date":"2018-03-21T11:00:31","date_gmt":"2018-03-21T10:00:31","guid":{"rendered":"http:\/\/www.mycanyon.fr\/?page_id=693"},"modified":"2022-05-15T10:04:59","modified_gmt":"2022-05-15T09:04:59","slug":"guide-canyoning-annecy","status":"publish","type":"page","link":"https:\/\/www.mycanyon.fr\/en\/guide-canyoning-annecy\/","title":{"rendered":"R\u00c9MY, YOUR PASSIONATE CANYONING GUIDE!"},"content":{"rendered":"<div id=\"pl-693\"  class=\"panel-layout\" ><div id=\"pg-693-0\"  class=\"panel-grid panel-has-style\" ><div class=\"siteorigin-panels-stretch panel-row-style panel-row-style-for-693-0\" data-stretch-type=\"full\" ><div id=\"pgc-693-0-0\"  class=\"panel-grid-cell\" ><div id=\"panel-693-0-0-0\" class=\"so-panel widget widget_sow-editor panel-first-child panel-last-child\" data-index=\"0\" ><div\n\t\t\t\n\t\t\tclass=\"so-widget-sow-editor so-widget-sow-editor-base\"\n\t\t\t\n\t\t>\n<div class=\"siteorigin-widget-tinymce textwidget\">\n\t<h2 style=\"text-align: center;\"><span style=\"color: #1693a5;\">I have been a canyoning guide since 2016, the shores of Lake Annecy are the beginning of my story...<\/span><\/h2>\n<h3 style=\"text-align: center;\"><span style=\"color: #1693a5;\">A passion, shared happiness.<br \/>\n<\/span><\/h3>\n<p>&nbsp;<\/p>\n<p style=\"text-align: justify;\" class=\"translation-block\">First of all, becoming a canyoning guide was the main objective because <strong>I am passionate about canyoning<\/strong>! Since I discovered the activity with a friend, in the canyon of Montmin, this passion has never left me. So <span style=\"text-decoration: underline\">becoming a canyoning guide was for me the complement of a life project<\/span> that could allow me to <strong>share a passion<\/strong>  and to make it known to as many people as possible! This is why when I learned of the creation of the specific state diploma for canyoning, I embarked on the adventure. Now I make it my job, and I have the chance to make you discover with joy this discipline in tune with the times!<\/p>\n<p>&nbsp;<\/p>\n<\/div>\n<\/div><\/div><\/div><\/div><\/div><div id=\"pg-693-1\"  class=\"panel-grid panel-has-style\" ><div class=\"siteorigin-panels-stretch panel-row-style panel-row-style-for-693-1\" data-stretch-type=\"full\" ><div id=\"pgc-693-1-0\"  class=\"panel-grid-cell\" ><div id=\"panel-693-1-0-0\" class=\"so-panel widget widget_sow-editor panel-first-child panel-last-child\" data-index=\"1\" ><div\n\t\t\t\n\t\t\tclass=\"so-widget-sow-editor so-widget-sow-editor-base\"\n\t\t\t\n\t\t>\n<div class=\"siteorigin-widget-tinymce textwidget\">\n\t<h2><span style=\"color: #1693a5;\">Your canyoning guide<br \/>\n<\/span><\/h2>\n<p style=\"text-align: justify;\">\n<p style=\"text-align: justify;\"><span style=\"color: #ffffff;\">My name is R\u00e9my VILANOVA.<\/span><\/p>\n<p>&nbsp;<\/p>\n<p style=\"text-align: justify;\"><span style=\"color: #ffffff;\">I was born in 1987 and I have been canyoning since 2010.<\/span><\/p>\n<p>&nbsp;<\/p>\n<p style=\"text-align: justify;\" class=\"translation-block\"><span style=\"color: #ffffff\">I can't wait to make you <strong>discover the joys of canyoning<\/strong> in Haute-Savoie and Savoie!<\/span><\/p>\n<p>&nbsp;<\/p>\n<p style=\"text-align: justify;\"><span style=\"color: #ffffff;\">We can also go and discover beautiful canyons in other places!<\/span><\/p>\n<\/div>\n<\/div><\/div><\/div><div id=\"pgc-693-1-1\"  class=\"panel-grid-cell\" ><div id=\"panel-693-1-1-0\" class=\"so-panel widget widget_sow-image panel-first-child panel-last-child\" data-index=\"2\" ><div\n\t\t\t\n\t\t\tclass=\"so-widget-sow-image so-widget-sow-image-default-8b5b6f678277-693\"\n\t\t\t\n\t\t>\n<div class=\"sow-image-container\">\n\t\t<img \n\tsrc=\"https:\/\/www.mycanyon.fr\/wp-content\/uploads\/2015\/12\/team-R\u00e9my-blanc-centre.jpg\" width=\"1280\" height=\"853\" srcset=\"https:\/\/www.mycanyon.fr\/wp-content\/uploads\/2015\/12\/team-R\u00e9my-blanc-centre.jpg 1280w, https:\/\/www.mycanyon.fr\/wp-content\/uploads\/2015\/12\/team-R\u00e9my-blanc-centre-300x200.jpg 300w, https:\/\/www.mycanyon.fr\/wp-content\/uploads\/2015\/12\/team-R\u00e9my-blanc-centre-768x512.jpg 768w, https:\/\/www.mycanyon.fr\/wp-content\/uploads\/2015\/12\/team-R\u00e9my-blanc-centre-1024x682.jpg 1024w, https:\/\/www.mycanyon.fr\/wp-content\/uploads\/2015\/12\/team-R\u00e9my-blanc-centre-225x150.jpg 225w, https:\/\/www.mycanyon.fr\/wp-content\/uploads\/2015\/12\/team-R\u00e9my-blanc-centre-150x100.jpg 150w, https:\/\/www.mycanyon.fr\/wp-content\/uploads\/2015\/12\/team-R\u00e9my-blanc-centre-272x182.jpg 272w\" sizes=\"(max-width: 1280px) 100vw, 1280px\" alt=\"guide canyoning\" \t\tclass=\"so-widget-image\"\/>\n\t<\/div>\n\n<\/div><\/div><\/div><\/div><\/div><div id=\"pg-693-2\"  class=\"panel-grid panel-has-style\" ><div class=\"siteorigin-panels-stretch panel-row-style panel-row-style-for-693-2\" data-stretch-type=\"full\" ><div id=\"pgc-693-2-0\"  class=\"panel-grid-cell\" ><div id=\"panel-693-2-0-0\" class=\"so-panel widget widget_sow-editor panel-first-child panel-last-child\" data-index=\"3\" ><div\n\t\t\t\n\t\t\tclass=\"so-widget-sow-editor so-widget-sow-editor-base\"\n\t\t\t\n\t\t>\n<div class=\"siteorigin-widget-tinymce textwidget\">\n\t<h3 style=\"text-align: center;\"><span style=\"color: #1693a5;\">My experiences led me to become a professional canyoneer!<br \/>\n<\/span><\/h3>\n<p style=\"text-align: justify;\">The opening of new canyons was for me the starting point. The exploration of places untouched by man motivated me and gave me the self-confidence to embark on the state diploma.<\/p>\n<h4 style=\"text-align: center;\"><span style=\"color: #1693a5;\"> The desire for new adventures.<\/span><\/h4>\n<p style=\"text-align: justify;\" class=\"translation-block\">The discovery of <strong>exceptional canyons<\/strong> is fascinating, but it is even more fascinating to have to think long and hard to make a first descent in safety. Indeed, some canyons remain unopened to this day, because of their difficulty of progression, in particular linked to a still substantial flow and\/or difficult access.<\/p>\n<p style=\"text-align: justify;\">I am thinking of the opening of the Gornera Gorge in Zermatt, the Rovana Gorge in Switzerland, as well as a few on the north face of the Eiger and others in the Alps.<\/p>\n<p style=\"text-align: justify;\" class=\"translation-block\">I have also gained experience by traversing renowned technical canyons such as the Oules de Freissini\u00e8re in the \u00c9crins massif and <span style=\"text-decoration: underline\">other very aesthetic and playful <\/span> : <a href=\"https:\/\/www.mycanyon.fr\/en\/sejour-canyoning-trip\/\" target=\"_self\">the Maglia canyon in the southern Alps<\/a>, and integral Cresciano in Ticino ...<\/p>\n<h4 style=\"text-align: center;\"><span style=\"color: #1693a5;\">I continue to have projects in canyoning, more and more ambitious!<br \/>\n<\/span><\/h4>\n<p style=\"text-align: justify;\" class=\"translation-block\">In addition to prospecting to find even more amazing canyons to open, I am increasingly aiming for unusual places with great canyoning potential! <em>Wild Canada can make me dream because it's vast, Antarctica too<\/em>. Without forgetting South America where I think there can be so much to do! All you have to do is spend more time thinking about getting organized around a project<\/p>\n<h5><span style=\"color: #1693a5;\">The little extra!<\/span><\/h5>\n<p style=\"text-align: justify;\">I preciously reserve for my personal and professional use small, wild and unknown alpine canyons, where certain privileged people will be able to have fun, but shhhhh... I keep the secret!<\/p>\n<p style=\"text-align: center;\">\n<\/div>\n<\/div><\/div><\/div><\/div><\/div><div id=\"pg-693-3\"  class=\"panel-grid panel-has-style\" ><div class=\"siteorigin-panels-stretch panel-row-style panel-row-style-for-693-3\" data-stretch-type=\"full\" ><div id=\"pgc-693-3-0\"  class=\"panel-grid-cell\" ><div id=\"panel-693-3-0-0\" class=\"so-panel widget widget_sow-editor panel-first-child panel-last-child\" data-index=\"4\" ><div\n\t\t\t\n\t\t\tclass=\"so-widget-sow-editor so-widget-sow-editor-base\"\n\t\t\t\n\t\t>\n<div class=\"siteorigin-widget-tinymce textwidget\">\n\t<h3 style=\"text-align: center;\"><span style=\"color: #1693a5;\">My desires<\/span><\/h3>\n<p style=\"text-align: justify;\"><span style=\"color: #ffffff;\">The future is often full of questions, doubts and hopes. When you start out, you don't really know where you're going to end up, but I want to turn my megalomaniac visions into a strength to keep moving forward, in the right direction, sharing the right values, and perhaps enabling everyone to reach their goals and desires.<\/span><\/p>\n<p style=\"text-align: justify;\"><span style=\"color: #ffffff;\">I hope that time will bring me to have a mature, respected and reputable company for what it sells!<\/span><\/p>\n<p style=\"text-align: justify;\">\n<\/div>\n<\/div><\/div><\/div><\/div><\/div><div id=\"pg-693-4\"  class=\"panel-grid panel-has-style\" ><div class=\"siteorigin-panels-stretch panel-row-style panel-row-style-for-693-4\" data-stretch-type=\"full\" ><div id=\"pgc-693-4-0\"  class=\"panel-grid-cell\" ><div id=\"panel-693-4-0-0\" class=\"so-panel widget widget_sow-editor panel-first-child panel-last-child\" data-index=\"5\" ><div\n\t\t\t\n\t\t\tclass=\"so-widget-sow-editor so-widget-sow-editor-base\"\n\t\t\t\n\t\t>\n<div class=\"siteorigin-widget-tinymce textwidget\">\n\t<p style=\"text-align: center;\"><span style=\"color: #1693a5;\">My state diploma<br \/>\n<\/span><\/p>\n<p style=\"text-align: justify;\">I am proud to present you my diploma that I validated in December 2016. This is certainly the real starting point for my canyoning business. In addition, the Lake Annecy region is so beautiful that I never tire of exploring these canyons!<\/p>\n<p>&nbsp;<\/p>\n<\/div>\n<\/div><\/div><\/div><\/div><\/div><div id=\"pg-693-5\"  class=\"panel-grid panel-has-style\" ><div class=\"siteorigin-panels-stretch panel-row-style panel-row-style-for-693-5\" data-stretch-type=\"full\" ><div id=\"pgc-693-5-0\"  class=\"panel-grid-cell\" ><div id=\"panel-693-5-0-0\" class=\"so-panel widget widget_sow-image panel-first-child panel-last-child\" data-index=\"6\" ><div\n\t\t\t\n\t\t\tclass=\"so-widget-sow-image so-widget-sow-image-default-8b5b6f678277-693\"\n\t\t\t\n\t\t>\n<div class=\"sow-image-container\">\n\t\t<img \n\tsrc=\"https:\/\/www.mycanyon.fr\/wp-content\/uploads\/2019\/07\/DE-Canyonisme.jpg\" width=\"842\" height=\"595\" srcset=\"https:\/\/www.mycanyon.fr\/wp-content\/uploads\/2019\/07\/DE-Canyonisme.jpg 842w, https:\/\/www.mycanyon.fr\/wp-content\/uploads\/2019\/07\/DE-Canyonisme-300x212.jpg 300w, https:\/\/www.mycanyon.fr\/wp-content\/uploads\/2019\/07\/DE-Canyonisme-768x543.jpg 768w, https:\/\/www.mycanyon.fr\/wp-content\/uploads\/2019\/07\/DE-Canyonisme-150x106.jpg 150w\" sizes=\"(max-width: 842px) 100vw, 842px\" title=\"Dipl\u00f4me d&#039;\u00c9tat mention Canyonisme\" alt=\"guide canyoning\" \t\tclass=\"so-widget-image\"\/>\n\t<\/div>\n\n<\/div><\/div><\/div><div id=\"pgc-693-5-1\"  class=\"panel-grid-cell\" ><div id=\"panel-693-5-1-0\" class=\"so-panel widget widget_sow-button panel-first-child\" data-index=\"7\" ><div\n\t\t\t\n\t\t\tclass=\"so-widget-sow-button so-widget-sow-button-atom-f54c0409268f-693\"\n\t\t\t\n\t\t><div class=\"ow-button-base ow-button-align-center\"\n>\n\t\t\t<a\n\t\t\t\t\thref=\"https:\/\/www.mycanyon.fr\/en\/canyoning-annecy\/\"\n\t\t\t\t\tclass=\"sowb-button ow-icon-placement-bottom ow-button-hover\" \t>\n\t\t<span>\n\t\t\t\n\t\t\tSee canyons\t\t<\/span>\n\t\t\t<\/a>\n\t<\/div>\n<\/div><\/div><div id=\"panel-693-5-1-1\" class=\"so-panel widget widget_sow-social-media-buttons panel-last-child\" data-index=\"8\" ><div\n\t\t\t\n\t\t\tclass=\"so-widget-sow-social-media-buttons so-widget-sow-social-media-buttons-atom-8cbf1043318d-693\"\n\t\t\t\n\t\t>\n\n<div class=\"social-media-button-container\">\n\t\n\t\t<a \n\t\tclass=\"ow-button-hover sow-social-media-button-instagram-0 sow-social-media-button\" title=\"Instagram\" aria-label=\"Instagram\" target=\"_blank\" rel=\"noopener noreferrer\" href=\"https:\/\/www.instagram.com\/my_canyon\/\" \t\t>\n\t\t\t<span>\n\t\t\t\t\t\t\t\t<span class=\"sow-icon-fontawesome sow-fab\" data-sow-icon=\"&#xf16d;\"\n\t\t \n\t\taria-hidden=\"true\"><\/span>\t\t\t\t\t\t\t<\/span>\n\t\t<\/a>\n\t\n\t\t<a \n\t\tclass=\"ow-button-hover sow-social-media-button-facebook-0 sow-social-media-button\" title=\"Facebook\" aria-label=\"Facebook\" target=\"_blank\" rel=\"noopener noreferrer\" href=\"http:\/\/www.facebook.com\/annecy.canyon\/\" \t\t>\n\t\t\t<span>\n\t\t\t\t\t\t\t\t<span class=\"sow-icon-fontawesome sow-fab\" data-sow-icon=\"&#xf39e;\"\n\t\t \n\t\taria-hidden=\"true\"><\/span>\t\t\t\t\t\t\t<\/span>\n\t\t<\/a>\n\t<\/div>\n<\/div><\/div><\/div><\/div><\/div><\/div>","protected":false},"excerpt":{"rendered":"<p>Je suis guide canyoning depuis 2016, les rives du lac d&rsquo;Annecy marquent le commencement de mon histoire &#8230; Une passion, des bonheurs partag\u00e9s. &nbsp; Tout d&rsquo;abord, devenir guide canyoning \u00e9tait le principal objectif car je suis passionn\u00e9 par la pratique du canyoning ! Depuis que j&rsquo;ai d\u00e9couvert l&rsquo;activit\u00e9 avec un\u2026<\/p>\n<p class=\"continue-reading-button\"> <a class=\"continue-reading-link\" href=\"https:\/\/www.mycanyon.fr\/en\/guide-canyoning-annecy\/\">Continuer \u00e0 lire<i class=\"crycon-right-dir\"><\/i><\/a><\/p>","protected":false},"author":1,"featured_media":0,"parent":0,"menu_order":0,"comment_status":"closed","ping_status":"closed","template":"","meta":{"footnotes":""},"class_list":["post-693","page","type-page","status-publish","hentry"],"yoast_head":"<!-- This site is optimized with the Yoast SEO plugin v27.5 - https:\/\/yoast.com\/product\/yoast-seo-wordpress\/ -->\n<title>Guide canyoning \u00e0 Annecy ! Canyoning au lac d&#039;Annecy - My Canyon<\/title>\n<meta name=\"description\" content=\"Guide canyoning, passionn\u00e9 depuis 2011, je vous emm\u00e8ne sur les plus beaux sites de canyoning en Haute-Savoie, Savoie et m\u00eame ailleurs !\" \/>\n<meta name=\"robots\" content=\"index, follow, max-snippet:-1, max-image-preview:large, max-video-preview:-1\" \/>\n<link rel=\"canonical\" href=\"https:\/\/www.mycanyon.fr\/en\/guide-canyoning-annecy\/\" \/>\n<meta property=\"og:locale\" content=\"en_GB\" \/>\n<meta property=\"og:type\" content=\"article\" \/>\n<meta property=\"og:title\" content=\"Guide canyoning \u00e0 Annecy ! Canyoning au lac d&#039;Annecy - My Canyon\" \/>\n<meta property=\"og:description\" content=\"Guide canyoning, passionn\u00e9 depuis 2011, je vous emm\u00e8ne sur les plus beaux sites de canyoning en Haute-Savoie, Savoie et m\u00eame ailleurs !\" \/>\n<meta property=\"og:url\" content=\"https:\/\/www.mycanyon.fr\/en\/guide-canyoning-annecy\/\" \/>\n<meta property=\"og:site_name\" content=\"MY CANYON - Canyoning au lac d&#039;Annecy\" \/>\n<meta property=\"article:publisher\" content=\"http:\/\/www.facebook.com\/annecy.canyon\/\" \/>\n<meta property=\"article:modified_time\" content=\"2022-05-15T09:04:59+00:00\" \/>\n<meta name=\"twitter:card\" content=\"summary_large_image\" \/>\n<meta name=\"twitter:label1\" content=\"Estimated reading time\" \/>\n\t<meta name=\"twitter:data1\" content=\"4 minutes\" \/>\n<script type=\"application\/ld+json\" class=\"yoast-schema-graph\">{\"@context\":\"https:\\\/\\\/schema.org\",\"@graph\":[{\"@type\":\"WebPage\",\"@id\":\"https:\\\/\\\/www.mycanyon.fr\\\/guide-canyoning-annecy\\\/\",\"url\":\"https:\\\/\\\/www.mycanyon.fr\\\/guide-canyoning-annecy\\\/\",\"name\":\"Guide canyoning \u00e0 Annecy ! Canyoning au lac d'Annecy - My Canyon\",\"isPartOf\":{\"@id\":\"https:\\\/\\\/www.mycanyon.fr\\\/#website\"},\"datePublished\":\"2018-03-21T10:00:31+00:00\",\"dateModified\":\"2022-05-15T09:04:59+00:00\",\"description\":\"Guide canyoning, passionn\u00e9 depuis 2011, je vous emm\u00e8ne sur les plus beaux sites de canyoning en Haute-Savoie, Savoie et m\u00eame ailleurs !\",\"breadcrumb\":{\"@id\":\"https:\\\/\\\/www.mycanyon.fr\\\/guide-canyoning-annecy\\\/#breadcrumb\"},\"inLanguage\":\"en-GB\",\"potentialAction\":[{\"@type\":\"ReadAction\",\"target\":[\"https:\\\/\\\/www.mycanyon.fr\\\/guide-canyoning-annecy\\\/\"]}]},{\"@type\":\"BreadcrumbList\",\"@id\":\"https:\\\/\\\/www.mycanyon.fr\\\/guide-canyoning-annecy\\\/#breadcrumb\",\"itemListElement\":[{\"@type\":\"ListItem\",\"position\":1,\"name\":\"Accueil\",\"item\":\"https:\\\/\\\/www.mycanyon.fr\\\/\"},{\"@type\":\"ListItem\",\"position\":2,\"name\":\"R\u00c9MY, VOTRE GUIDE CANYONING PASSIONN\u00c9 !\"}]},{\"@type\":\"WebSite\",\"@id\":\"https:\\\/\\\/www.mycanyon.fr\\\/#website\",\"url\":\"https:\\\/\\\/www.mycanyon.fr\\\/\",\"name\":\"MY CANYON - Canyoning au lac d&#039;Annecy\",\"description\":\"L&#039;exp\u00e9rience unique du canyoning - Fun &amp; Ludique\",\"publisher\":{\"@id\":\"https:\\\/\\\/www.mycanyon.fr\\\/#organization\"},\"potentialAction\":[{\"@type\":\"SearchAction\",\"target\":{\"@type\":\"EntryPoint\",\"urlTemplate\":\"https:\\\/\\\/www.mycanyon.fr\\\/?s={search_term_string}\"},\"query-input\":{\"@type\":\"PropertyValueSpecification\",\"valueRequired\":true,\"valueName\":\"search_term_string\"}}],\"inLanguage\":\"en-GB\"},{\"@type\":\"Organization\",\"@id\":\"https:\\\/\\\/www.mycanyon.fr\\\/#organization\",\"name\":\"MY CANYON\",\"url\":\"https:\\\/\\\/www.mycanyon.fr\\\/\",\"logo\":{\"@type\":\"ImageObject\",\"inLanguage\":\"en-GB\",\"@id\":\"https:\\\/\\\/www.mycanyon.fr\\\/#\\\/schema\\\/logo\\\/image\\\/\",\"url\":\"https:\\\/\\\/www.mycanyon.fr\\\/wp-content\\\/uploads\\\/2018\\\/03\\\/logo-mycanyon-png.png\",\"contentUrl\":\"https:\\\/\\\/www.mycanyon.fr\\\/wp-content\\\/uploads\\\/2018\\\/03\\\/logo-mycanyon-png.png\",\"width\":510,\"height\":283,\"caption\":\"MY CANYON\"},\"image\":{\"@id\":\"https:\\\/\\\/www.mycanyon.fr\\\/#\\\/schema\\\/logo\\\/image\\\/\"},\"sameAs\":[\"http:\\\/\\\/www.facebook.com\\\/annecy.canyon\\\/\",\"https:\\\/\\\/www.instagram.com\\\/my_canyon\\\/\",\"https:\\\/\\\/www.linkedin.com\\\/in\\\/r\u00e9my-vilanova-guide-canyoning\\\/\",\"https:\\\/\\\/www.youtube.com\\\/channel\\\/UCRILRMSQGoLIoT9EeJXn-Sg\"]}]}<\/script>\n<!-- \/ Yoast SEO plugin. -->","yoast_head_json":{"title":"Guide canyoning \u00e0 Annecy ! Canyoning au lac d'Annecy - My Canyon","description":"Guide canyoning, passionn\u00e9 depuis 2011, je vous emm\u00e8ne sur les plus beaux sites de canyoning en Haute-Savoie, Savoie et m\u00eame ailleurs !","robots":{"index":"index","follow":"follow","max-snippet":"max-snippet:-1","max-image-preview":"max-image-preview:large","max-video-preview":"max-video-preview:-1"},"canonical":"https:\/\/www.mycanyon.fr\/en\/guide-canyoning-annecy\/","og_locale":"en_GB","og_type":"article","og_title":"Guide canyoning \u00e0 Annecy ! Canyoning au lac d'Annecy - My Canyon","og_description":"Guide canyoning, passionn\u00e9 depuis 2011, je vous emm\u00e8ne sur les plus beaux sites de canyoning en Haute-Savoie, Savoie et m\u00eame ailleurs !","og_url":"https:\/\/www.mycanyon.fr\/en\/guide-canyoning-annecy\/","og_site_name":"MY CANYON - Canyoning au lac d&#039;Annecy","article_publisher":"http:\/\/www.facebook.com\/annecy.canyon\/","article_modified_time":"2022-05-15T09:04:59+00:00","twitter_card":"summary_large_image","twitter_misc":{"Estimated reading time":"4 minutes"},"schema":{"@context":"https:\/\/schema.org","@graph":[{"@type":"WebPage","@id":"https:\/\/www.mycanyon.fr\/guide-canyoning-annecy\/","url":"https:\/\/www.mycanyon.fr\/guide-canyoning-annecy\/","name":"Guide canyoning \u00e0 Annecy ! Canyoning au lac d'Annecy - My Canyon","isPartOf":{"@id":"https:\/\/www.mycanyon.fr\/#website"},"datePublished":"2018-03-21T10:00:31+00:00","dateModified":"2022-05-15T09:04:59+00:00","description":"Guide canyoning, passionn\u00e9 depuis 2011, je vous emm\u00e8ne sur les plus beaux sites de canyoning en Haute-Savoie, Savoie et m\u00eame ailleurs !","breadcrumb":{"@id":"https:\/\/www.mycanyon.fr\/guide-canyoning-annecy\/#breadcrumb"},"inLanguage":"en-GB","potentialAction":[{"@type":"ReadAction","target":["https:\/\/www.mycanyon.fr\/guide-canyoning-annecy\/"]}]},{"@type":"BreadcrumbList","@id":"https:\/\/www.mycanyon.fr\/guide-canyoning-annecy\/#breadcrumb","itemListElement":[{"@type":"ListItem","position":1,"name":"Accueil","item":"https:\/\/www.mycanyon.fr\/"},{"@type":"ListItem","position":2,"name":"R\u00c9MY, VOTRE GUIDE CANYONING PASSIONN\u00c9 !"}]},{"@type":"WebSite","@id":"https:\/\/www.mycanyon.fr\/#website","url":"https:\/\/www.mycanyon.fr\/","name":"MY CANYON - Canyoning au lac d&#039;Annecy","description":"L&#039;exp\u00e9rience unique du canyoning - Fun &amp; Ludique","publisher":{"@id":"https:\/\/www.mycanyon.fr\/#organization"},"potentialAction":[{"@type":"SearchAction","target":{"@type":"EntryPoint","urlTemplate":"https:\/\/www.mycanyon.fr\/?s={search_term_string}"},"query-input":{"@type":"PropertyValueSpecification","valueRequired":true,"valueName":"search_term_string"}}],"inLanguage":"en-GB"},{"@type":"Organization","@id":"https:\/\/www.mycanyon.fr\/#organization","name":"MY CANYON","url":"https:\/\/www.mycanyon.fr\/","logo":{"@type":"ImageObject","inLanguage":"en-GB","@id":"https:\/\/www.mycanyon.fr\/#\/schema\/logo\/image\/","url":"https:\/\/www.mycanyon.fr\/wp-content\/uploads\/2018\/03\/logo-mycanyon-png.png","contentUrl":"https:\/\/www.mycanyon.fr\/wp-content\/uploads\/2018\/03\/logo-mycanyon-png.png","width":510,"height":283,"caption":"MY CANYON"},"image":{"@id":"https:\/\/www.mycanyon.fr\/#\/schema\/logo\/image\/"},"sameAs":["http:\/\/www.facebook.com\/annecy.canyon\/","https:\/\/www.instagram.com\/my_canyon\/","https:\/\/www.linkedin.com\/in\/r\u00e9my-vilanova-guide-canyoning\/","https:\/\/www.youtube.com\/channel\/UCRILRMSQGoLIoT9EeJXn-Sg"]}]}},"_links":{"self":[{"href":"https:\/\/www.mycanyon.fr\/en\/wp-json\/wp\/v2\/pages\/693","targetHints":{"allow":["GET"]}}],"collection":[{"href":"https:\/\/www.mycanyon.fr\/en\/wp-json\/wp\/v2\/pages"}],"about":[{"href":"https:\/\/www.mycanyon.fr\/en\/wp-json\/wp\/v2\/types\/page"}],"author":[{"embeddable":true,"href":"https:\/\/www.mycanyon.fr\/en\/wp-json\/wp\/v2\/users\/1"}],"replies":[{"embeddable":true,"href":"https:\/\/www.mycanyon.fr\/en\/wp-json\/wp\/v2\/comments?post=693"}],"version-history":[{"count":110,"href":"https:\/\/www.mycanyon.fr\/en\/wp-json\/wp\/v2\/pages\/693\/revisions"}],"predecessor-version":[{"id":5274,"href":"https:\/\/www.mycanyon.fr\/en\/wp-json\/wp\/v2\/pages\/693\/revisions\/5274"}],"wp:attachment":[{"href":"https:\/\/www.mycanyon.fr\/en\/wp-json\/wp\/v2\/media?parent=693"}],"curies":[{"name":"wp","href":"https:\/\/api.w.org\/{rel}","templated":true}]}}