{"id":586,"date":"2018-03-21T11:10:21","date_gmt":"2018-03-21T10:10:21","guid":{"rendered":"http:\/\/www.mycanyon.fr\/?page_id=586"},"modified":"2025-08-08T22:49:39","modified_gmt":"2025-08-08T21:49:39","slug":"reserver-canyoning-annecy","status":"publish","type":"page","link":"https:\/\/www.mycanyon.fr\/en\/reserver-canyoning-annecy\/","title":{"rendered":"BOOK YOUR CANYONING AT LAKE ANNECY!"},"content":{"rendered":"<h2 class=\"wp-block-heading\">Canyoning at Lake Annecy is a moment rich in emotions!<\/h2>\n\n\n\n<p>You chose to live a unique moment in one of the canyoning of the lake of Annecy! It proves that you trust me so thank you!<\/p>\n\n\n\n<p>Therefore, I will do everything to make your canyoning experience the best possible!<\/p>\n\n\n\n<figure class=\"wp-block-gallery aligncenter has-nested-images columns-default is-cropped wp-block-gallery-1 is-layout-flex wp-block-gallery-is-layout-flex\"><div class=\"wp-block-image is-style-default\">\n<figure class=\"aligncenter size-thumbnail\"><img decoding=\"async\" width=\"917\" height=\"387\" data-id=\"11609\" src=\"https:\/\/www.mycanyon.fr\/wp-content\/uploads\/2025\/08\/pont-du-diable-web-edited.jpg\" alt=\"r\u00e9server canyoning annecy\" class=\"wp-image-11609\" srcset=\"https:\/\/www.mycanyon.fr\/wp-content\/uploads\/2025\/08\/pont-du-diable-web-edited.jpg 917w, https:\/\/www.mycanyon.fr\/wp-content\/uploads\/2025\/08\/pont-du-diable-web-edited-300x127.jpg 300w, https:\/\/www.mycanyon.fr\/wp-content\/uploads\/2025\/08\/pont-du-diable-web-edited-768x324.jpg 768w, https:\/\/www.mycanyon.fr\/wp-content\/uploads\/2025\/08\/pont-du-diable-web-edited-18x8.jpg 18w, https:\/\/www.mycanyon.fr\/wp-content\/uploads\/2025\/08\/pont-du-diable-web-edited-150x63.jpg 150w\" sizes=\"(max-width: 917px) 100vw, 917px\" \/><\/figure><\/div><\/figure>\n\n\n\n<h2 class=\"wp-block-heading\">To book your canyoning at Lake Annecy, please complete each element of the form below!<\/h2>\n\n\n\n<div class=\"forminator-guttenberg\"><div class=\"forminator-ui forminator-custom-form forminator-custom-form-11506 forminator-design--default  forminator_ajax\" data-forminator-render=\"0\" data-form=\"forminator-module-11506\" data-uid=\"69def4aeaca9c\"><br\/><\/div><form\n\t\t\t\tid=\"forminator-module-11506\"\n\t\t\t\tclass=\"forminator-ui forminator-custom-form forminator-custom-form-11506 forminator-design--default  forminator_ajax\"\n\t\t\t\tmethod=\"post\"\n\t\t\t\tdata-forminator-render=\"0\"\n\t\t\t\tdata-form-id=\"11506\"\n\t\t\t\t data-color-option=\"default\" data-design=\"default\" data-grid=\"open\" style=\"display: none;\"\n\t\t\t\tdata-uid=\"69def4aeaca9c\" action=\"\"\n\t\t\t><div role=\"alert\" aria-live=\"polite\" class=\"forminator-response-message forminator-error\" aria-hidden=\"true\"><\/div><div class=\"forminator-row\"><div id=\"text-1\" class=\"forminator-field-text forminator-col forminator-col-12\"><div class=\"forminator-field\"><label for=\"forminator-field-text-1_69def4aeaca9c\" id=\"forminator-field-text-1_69def4aeaca9c-label\" class=\"forminator-label\">Your name * <span class=\"forminator-required\">*<\/span><\/label><input type=\"text\" name=\"text-1\" value=\"\" placeholder=\"\" id=\"forminator-field-text-1_69def4aeaca9c\" class=\"forminator-input forminator-name--field\" data-required=\"1\" \/><\/div><\/div><\/div><div class=\"forminator-row\"><div id=\"phone-1\" class=\"forminator-field-phone forminator-col forminator-col-12\"><div class=\"forminator-field\"><label for=\"forminator-field-phone-1_69def4aeaca9c\" id=\"forminator-field-phone-1_69def4aeaca9c-label\" class=\"forminator-label\">Your phone number * <span class=\"forminator-required\">*<\/span><\/label><input type=\"text\" name=\"phone-1\" value=\"\" placeholder=\"\" id=\"forminator-field-phone-1_69def4aeaca9c\" class=\"forminator-input forminator-field--phone\" data-required=\"1\" aria-required=\"true\" autocomplete=\"off\" data-national_mode=\"disabled\" data-country=\"fr\" data-validation=\"international\" \/><\/div><\/div><\/div><div class=\"forminator-row\"><div id=\"email-1\" class=\"forminator-field-email forminator-col forminator-col-12\"><div class=\"forminator-field\"><label for=\"forminator-field-email-1_69def4aeaca9c\" id=\"forminator-field-email-1_69def4aeaca9c-label\" class=\"forminator-label\">Your email <span class=\"forminator-required\">*<\/span><\/label><input type=\"email\" name=\"email-1\" value=\"\" placeholder=\"\" id=\"forminator-field-email-1_69def4aeaca9c\" class=\"forminator-input forminator-email--field\" data-required=\"1\" aria-required=\"true\" autocomplete=\"email\" \/><\/div><\/div><\/div><div class=\"forminator-row\"><div id=\"text-2\" class=\"forminator-field-text forminator-col forminator-col-12\"><div class=\"forminator-field\"><label for=\"forminator-field-text-2_69def4aeaca9c\" id=\"forminator-field-text-2_69def4aeaca9c-label\" class=\"forminator-label\">Nom du Canyon<\/label><input type=\"text\" name=\"text-2\" value=\"\" placeholder=\"\" id=\"forminator-field-text-2_69def4aeaca9c\" class=\"forminator-input forminator-name--field\" data-required=\"\" \/><\/div><\/div><\/div><div class=\"forminator-row\"><div id=\"text-3\" class=\"forminator-field-text forminator-col forminator-col-12\"><div class=\"forminator-field\"><label for=\"forminator-field-text-3_69def4aeaca9c\" id=\"forminator-field-text-3_69def4aeaca9c-label\" class=\"forminator-label\">Number of people <span class=\"forminator-required\">*<\/span><\/label><input type=\"text\" name=\"text-3\" value=\"\" placeholder=\"\" id=\"forminator-field-text-3_69def4aeaca9c\" class=\"forminator-input forminator-name--field\" data-required=\"1\" \/><\/div><\/div><\/div><div class=\"forminator-row\"><div id=\"textarea-1\" class=\"forminator-field-textarea forminator-col forminator-col-12\"><div class=\"forminator-field\"><label for=\"forminator-field-textarea-1_69def4aeaca9c\" id=\"forminator-field-textarea-1_69def4aeaca9c-label\" class=\"forminator-label\">Ages, tailles et poids des participants<\/label><textarea name=\"textarea-1\" placeholder=\"\" id=\"forminator-field-textarea-1_69def4aeaca9c\" class=\"forminator-textarea\" rows=\"6\" style=\"min-height:140px;\" ><\/textarea><\/div><\/div><\/div><div class=\"forminator-row\"><div id=\"textarea-2\" class=\"forminator-field-textarea forminator-col forminator-col-12\"><div class=\"forminator-field\"><label for=\"forminator-field-textarea-2_69def4aeaca9c\" id=\"forminator-field-textarea-2_69def4aeaca9c-label\" class=\"forminator-label\">Votre message (ex. : date souhait\u00e9e, niveau, appr\u00e9hensions, horaires, autres pr\u00e9cisions)<\/label><textarea name=\"textarea-2\" placeholder=\"\" id=\"forminator-field-textarea-2_69def4aeaca9c\" class=\"forminator-textarea\" rows=\"6\" style=\"min-height:140px;\" ><\/textarea><\/div><\/div><\/div><input type=\"hidden\" name=\"referer_url\" value=\"\" \/><div class=\"forminator-row forminator-row-last\"><div class=\"forminator-col\"><div class=\"forminator-field\"><button class=\"forminator-button forminator-button-submit\">Send<\/button><\/div><\/div><\/div><input type=\"hidden\" id=\"forminator_nonce\" name=\"forminator_nonce\" value=\"09873c2444\" \/><input type=\"hidden\" name=\"_wp_http_referer\" value=\"\/en\/wp-json\/wp\/v2\/pages\/586\" \/><input type=\"hidden\" name=\"form_id\" value=\"11506\"><input type=\"hidden\" name=\"page_id\" value=\"586\"><input type=\"hidden\" name=\"form_type\" value=\"default\"><input type=\"hidden\" name=\"current_url\" value=\"https:\/\/www.mycanyon.fr\/en\/reserver-canyoning-annecy\/\"><input type=\"hidden\" name=\"render_id\" value=\"0\"><input type=\"hidden\" name=\"action\" value=\"forminator_submit_form_custom-forms\"><input type=\"hidden\" name=\"trp-form-language\" value=\"en\"\/><\/form><\/div>\n\n\n\n<p>My Canyon<\/p>\n\n\n\n<p>582 route des vignettes<\/p>\n\n\n\n<p>74210 DOUSSARD<\/p>\n\n\n\n<h2 class=\"wp-block-heading\">Book your canyoning <br><p><strong>directly to<\/strong> <\/p><\/h2>\n\n\n\n<p>+33 6 43 45 09 38<\/p>\n\n\n\n<h2 class=\"wp-block-heading\">Finally, if you need more information in order to explain and reassure you, do not hesitate to contact me!<\/h2>\n\n\n\n<p class=\"translation-block\">On this subject, it is important for me to be able to take you to the right canyon, that you feel good there and that it leaves you with a wonderful memory. That's why you can contact me whenever you want. I am also available on <a href=\"https:\/\/www.instagram.com\/my_canyon\/\" target=\"_self\">Instagram<\/a> and <a href=\"http:\/\/www.facebook.com\/ annecy.canyon\/\" target=\"_self\">Facebook<\/a>, you will be able to find photos and opinions there which can be useful for you to choose your canyon. In addition, you will better visualize the activity, to better understand it.<\/p>\n\n\n\n<p>Looking forward to meeting you, R\u00e9my.<\/p>\n<p>&nbsp;<\/p>","protected":false},"excerpt":{"rendered":"<p>Le canyoning au lac d&rsquo;Annecy c&rsquo;est un moment riche en \u00e9motions ! Vous avez choisit de vivre un moment unique dans un des canyoning du lac d&rsquo;Annecy ! \u00c7a prouve que vous me faites confiance alors merci ! De ce fait, je ferais tout pour rendre votre exp\u00e9rience canyoning la\u2026<\/p>\n<p class=\"continue-reading-button\"> <a class=\"continue-reading-link\" href=\"https:\/\/www.mycanyon.fr\/en\/reserver-canyoning-annecy\/\">Continuer \u00e0 lire<i class=\"crycon-right-dir\"><\/i><\/a><\/p>","protected":false},"author":1,"featured_media":0,"parent":0,"menu_order":0,"comment_status":"closed","ping_status":"closed","template":"","meta":{"footnotes":""},"class_list":["post-586","page","type-page","status-publish","hentry"],"yoast_head":"<!-- This site is optimized with the Yoast SEO plugin v27.4 - https:\/\/yoast.com\/product\/yoast-seo-wordpress\/ -->\n<title>R\u00c9SERVEZ VOTRE CANYONING AU LAC D&#039;ANNECY !<\/title>\n<meta name=\"description\" content=\"Vivez une exp\u00e9rience canyoning inoubliable autour du lac d\u2019Annecy ! R\u00e9servez votre sortie avec R\u00e9my, guide dipl\u00f4m\u00e9, en toute simplicit\u00e9.\" \/>\n<meta name=\"robots\" content=\"index, follow, max-snippet:-1, max-image-preview:large, max-video-preview:-1\" \/>\n<link rel=\"canonical\" href=\"https:\/\/www.mycanyon.fr\/en\/reserver-canyoning-annecy\/\" \/>\n<meta property=\"og:locale\" content=\"en_GB\" \/>\n<meta property=\"og:type\" content=\"article\" \/>\n<meta property=\"og:title\" content=\"R\u00c9SERVEZ VOTRE CANYONING AU LAC D&#039;ANNECY !\" \/>\n<meta property=\"og:description\" content=\"Vivez une exp\u00e9rience canyoning inoubliable autour du lac d\u2019Annecy ! R\u00e9servez votre sortie avec R\u00e9my, guide dipl\u00f4m\u00e9, en toute simplicit\u00e9.\" \/>\n<meta property=\"og:url\" content=\"https:\/\/www.mycanyon.fr\/en\/reserver-canyoning-annecy\/\" \/>\n<meta property=\"og:site_name\" content=\"MY CANYON - Canyoning au lac d&#039;Annecy\" \/>\n<meta property=\"article:publisher\" content=\"http:\/\/www.facebook.com\/annecy.canyon\/\" \/>\n<meta property=\"article:modified_time\" content=\"2025-08-08T21:49:39+00:00\" \/>\n<meta property=\"og:image\" content=\"https:\/\/www.mycanyon.fr\/wp-content\/uploads\/2025\/08\/pont-du-diable-web-edited.jpg\" \/>\n\t<meta property=\"og:image:width\" content=\"917\" \/>\n\t<meta property=\"og:image:height\" content=\"387\" \/>\n\t<meta property=\"og:image:type\" content=\"image\/jpeg\" \/>\n<meta name=\"twitter:card\" content=\"summary_large_image\" \/>\n<meta name=\"twitter:label1\" content=\"Estimated reading time\" \/>\n\t<meta name=\"twitter:data1\" content=\"2 minutes\" \/>\n<script type=\"application\/ld+json\" class=\"yoast-schema-graph\">{\"@context\":\"https:\\\/\\\/schema.org\",\"@graph\":[{\"@type\":\"WebPage\",\"@id\":\"https:\\\/\\\/www.mycanyon.fr\\\/reserver-canyoning-annecy\\\/\",\"url\":\"https:\\\/\\\/www.mycanyon.fr\\\/reserver-canyoning-annecy\\\/\",\"name\":\"R\u00c9SERVEZ VOTRE CANYONING AU LAC D'ANNECY !\",\"isPartOf\":{\"@id\":\"https:\\\/\\\/www.mycanyon.fr\\\/#website\"},\"primaryImageOfPage\":{\"@id\":\"https:\\\/\\\/www.mycanyon.fr\\\/reserver-canyoning-annecy\\\/#primaryimage\"},\"image\":{\"@id\":\"https:\\\/\\\/www.mycanyon.fr\\\/reserver-canyoning-annecy\\\/#primaryimage\"},\"thumbnailUrl\":\"https:\\\/\\\/www.mycanyon.fr\\\/wp-content\\\/uploads\\\/2025\\\/08\\\/pont-du-diable-web-edited.jpg\",\"datePublished\":\"2018-03-21T10:10:21+00:00\",\"dateModified\":\"2025-08-08T21:49:39+00:00\",\"description\":\"Vivez une exp\u00e9rience canyoning inoubliable autour du lac d\u2019Annecy ! R\u00e9servez votre sortie avec R\u00e9my, guide dipl\u00f4m\u00e9, en toute simplicit\u00e9.\",\"breadcrumb\":{\"@id\":\"https:\\\/\\\/www.mycanyon.fr\\\/reserver-canyoning-annecy\\\/#breadcrumb\"},\"inLanguage\":\"en-GB\",\"potentialAction\":[{\"@type\":\"ReadAction\",\"target\":[\"https:\\\/\\\/www.mycanyon.fr\\\/reserver-canyoning-annecy\\\/\"]}]},{\"@type\":\"ImageObject\",\"inLanguage\":\"en-GB\",\"@id\":\"https:\\\/\\\/www.mycanyon.fr\\\/reserver-canyoning-annecy\\\/#primaryimage\",\"url\":\"https:\\\/\\\/www.mycanyon.fr\\\/wp-content\\\/uploads\\\/2025\\\/08\\\/pont-du-diable-web-edited.jpg\",\"contentUrl\":\"https:\\\/\\\/www.mycanyon.fr\\\/wp-content\\\/uploads\\\/2025\\\/08\\\/pont-du-diable-web-edited.jpg\"},{\"@type\":\"BreadcrumbList\",\"@id\":\"https:\\\/\\\/www.mycanyon.fr\\\/reserver-canyoning-annecy\\\/#breadcrumb\",\"itemListElement\":[{\"@type\":\"ListItem\",\"position\":1,\"name\":\"Accueil\",\"item\":\"https:\\\/\\\/www.mycanyon.fr\\\/\"},{\"@type\":\"ListItem\",\"position\":2,\"name\":\"R\u00c9SERVEZ VOTRE CANYONING AU LAC D&rsquo;ANNECY !\"}]},{\"@type\":\"WebSite\",\"@id\":\"https:\\\/\\\/www.mycanyon.fr\\\/#website\",\"url\":\"https:\\\/\\\/www.mycanyon.fr\\\/\",\"name\":\"MY CANYON - Canyoning au lac d&#039;Annecy\",\"description\":\"L&#039;exp\u00e9rience unique du canyoning - Fun &amp; Ludique\",\"publisher\":{\"@id\":\"https:\\\/\\\/www.mycanyon.fr\\\/#organization\"},\"potentialAction\":[{\"@type\":\"SearchAction\",\"target\":{\"@type\":\"EntryPoint\",\"urlTemplate\":\"https:\\\/\\\/www.mycanyon.fr\\\/?s={search_term_string}\"},\"query-input\":{\"@type\":\"PropertyValueSpecification\",\"valueRequired\":true,\"valueName\":\"search_term_string\"}}],\"inLanguage\":\"en-GB\"},{\"@type\":\"Organization\",\"@id\":\"https:\\\/\\\/www.mycanyon.fr\\\/#organization\",\"name\":\"MY CANYON\",\"url\":\"https:\\\/\\\/www.mycanyon.fr\\\/\",\"logo\":{\"@type\":\"ImageObject\",\"inLanguage\":\"en-GB\",\"@id\":\"https:\\\/\\\/www.mycanyon.fr\\\/#\\\/schema\\\/logo\\\/image\\\/\",\"url\":\"https:\\\/\\\/www.mycanyon.fr\\\/wp-content\\\/uploads\\\/2018\\\/03\\\/logo-mycanyon-png.png\",\"contentUrl\":\"https:\\\/\\\/www.mycanyon.fr\\\/wp-content\\\/uploads\\\/2018\\\/03\\\/logo-mycanyon-png.png\",\"width\":510,\"height\":283,\"caption\":\"MY CANYON\"},\"image\":{\"@id\":\"https:\\\/\\\/www.mycanyon.fr\\\/#\\\/schema\\\/logo\\\/image\\\/\"},\"sameAs\":[\"http:\\\/\\\/www.facebook.com\\\/annecy.canyon\\\/\",\"https:\\\/\\\/www.instagram.com\\\/my_canyon\\\/\",\"https:\\\/\\\/www.linkedin.com\\\/in\\\/r\u00e9my-vilanova-guide-canyoning\\\/\",\"https:\\\/\\\/www.youtube.com\\\/channel\\\/UCRILRMSQGoLIoT9EeJXn-Sg\"]}]}<\/script>\n<!-- \/ Yoast SEO plugin. -->","yoast_head_json":{"title":"R\u00c9SERVEZ VOTRE CANYONING AU LAC D'ANNECY !","description":"Vivez une exp\u00e9rience canyoning inoubliable autour du lac d\u2019Annecy ! R\u00e9servez votre sortie avec R\u00e9my, guide dipl\u00f4m\u00e9, en toute simplicit\u00e9.","robots":{"index":"index","follow":"follow","max-snippet":"max-snippet:-1","max-image-preview":"max-image-preview:large","max-video-preview":"max-video-preview:-1"},"canonical":"https:\/\/www.mycanyon.fr\/en\/reserver-canyoning-annecy\/","og_locale":"en_GB","og_type":"article","og_title":"R\u00c9SERVEZ VOTRE CANYONING AU LAC D'ANNECY !","og_description":"Vivez une exp\u00e9rience canyoning inoubliable autour du lac d\u2019Annecy ! R\u00e9servez votre sortie avec R\u00e9my, guide dipl\u00f4m\u00e9, en toute simplicit\u00e9.","og_url":"https:\/\/www.mycanyon.fr\/en\/reserver-canyoning-annecy\/","og_site_name":"MY CANYON - Canyoning au lac d&#039;Annecy","article_publisher":"http:\/\/www.facebook.com\/annecy.canyon\/","article_modified_time":"2025-08-08T21:49:39+00:00","og_image":[{"width":917,"height":387,"url":"https:\/\/www.mycanyon.fr\/wp-content\/uploads\/2025\/08\/pont-du-diable-web-edited.jpg","type":"image\/jpeg"}],"twitter_card":"summary_large_image","twitter_misc":{"Estimated reading time":"2 minutes"},"schema":{"@context":"https:\/\/schema.org","@graph":[{"@type":"WebPage","@id":"https:\/\/www.mycanyon.fr\/reserver-canyoning-annecy\/","url":"https:\/\/www.mycanyon.fr\/reserver-canyoning-annecy\/","name":"R\u00c9SERVEZ VOTRE CANYONING AU LAC D'ANNECY !","isPartOf":{"@id":"https:\/\/www.mycanyon.fr\/#website"},"primaryImageOfPage":{"@id":"https:\/\/www.mycanyon.fr\/reserver-canyoning-annecy\/#primaryimage"},"image":{"@id":"https:\/\/www.mycanyon.fr\/reserver-canyoning-annecy\/#primaryimage"},"thumbnailUrl":"https:\/\/www.mycanyon.fr\/wp-content\/uploads\/2025\/08\/pont-du-diable-web-edited.jpg","datePublished":"2018-03-21T10:10:21+00:00","dateModified":"2025-08-08T21:49:39+00:00","description":"Vivez une exp\u00e9rience canyoning inoubliable autour du lac d\u2019Annecy ! R\u00e9servez votre sortie avec R\u00e9my, guide dipl\u00f4m\u00e9, en toute simplicit\u00e9.","breadcrumb":{"@id":"https:\/\/www.mycanyon.fr\/reserver-canyoning-annecy\/#breadcrumb"},"inLanguage":"en-GB","potentialAction":[{"@type":"ReadAction","target":["https:\/\/www.mycanyon.fr\/reserver-canyoning-annecy\/"]}]},{"@type":"ImageObject","inLanguage":"en-GB","@id":"https:\/\/www.mycanyon.fr\/reserver-canyoning-annecy\/#primaryimage","url":"https:\/\/www.mycanyon.fr\/wp-content\/uploads\/2025\/08\/pont-du-diable-web-edited.jpg","contentUrl":"https:\/\/www.mycanyon.fr\/wp-content\/uploads\/2025\/08\/pont-du-diable-web-edited.jpg"},{"@type":"BreadcrumbList","@id":"https:\/\/www.mycanyon.fr\/reserver-canyoning-annecy\/#breadcrumb","itemListElement":[{"@type":"ListItem","position":1,"name":"Accueil","item":"https:\/\/www.mycanyon.fr\/"},{"@type":"ListItem","position":2,"name":"R\u00c9SERVEZ VOTRE CANYONING AU LAC D&rsquo;ANNECY !"}]},{"@type":"WebSite","@id":"https:\/\/www.mycanyon.fr\/#website","url":"https:\/\/www.mycanyon.fr\/","name":"MY CANYON - Canyoning au lac d&#039;Annecy","description":"L&#039;exp\u00e9rience unique du canyoning - Fun &amp; Ludique","publisher":{"@id":"https:\/\/www.mycanyon.fr\/#organization"},"potentialAction":[{"@type":"SearchAction","target":{"@type":"EntryPoint","urlTemplate":"https:\/\/www.mycanyon.fr\/?s={search_term_string}"},"query-input":{"@type":"PropertyValueSpecification","valueRequired":true,"valueName":"search_term_string"}}],"inLanguage":"en-GB"},{"@type":"Organization","@id":"https:\/\/www.mycanyon.fr\/#organization","name":"MY CANYON","url":"https:\/\/www.mycanyon.fr\/","logo":{"@type":"ImageObject","inLanguage":"en-GB","@id":"https:\/\/www.mycanyon.fr\/#\/schema\/logo\/image\/","url":"https:\/\/www.mycanyon.fr\/wp-content\/uploads\/2018\/03\/logo-mycanyon-png.png","contentUrl":"https:\/\/www.mycanyon.fr\/wp-content\/uploads\/2018\/03\/logo-mycanyon-png.png","width":510,"height":283,"caption":"MY CANYON"},"image":{"@id":"https:\/\/www.mycanyon.fr\/#\/schema\/logo\/image\/"},"sameAs":["http:\/\/www.facebook.com\/annecy.canyon\/","https:\/\/www.instagram.com\/my_canyon\/","https:\/\/www.linkedin.com\/in\/r\u00e9my-vilanova-guide-canyoning\/","https:\/\/www.youtube.com\/channel\/UCRILRMSQGoLIoT9EeJXn-Sg"]}]}},"_links":{"self":[{"href":"https:\/\/www.mycanyon.fr\/en\/wp-json\/wp\/v2\/pages\/586","targetHints":{"allow":["GET"]}}],"collection":[{"href":"https:\/\/www.mycanyon.fr\/en\/wp-json\/wp\/v2\/pages"}],"about":[{"href":"https:\/\/www.mycanyon.fr\/en\/wp-json\/wp\/v2\/types\/page"}],"author":[{"embeddable":true,"href":"https:\/\/www.mycanyon.fr\/en\/wp-json\/wp\/v2\/users\/1"}],"replies":[{"embeddable":true,"href":"https:\/\/www.mycanyon.fr\/en\/wp-json\/wp\/v2\/comments?post=586"}],"version-history":[{"count":72,"href":"https:\/\/www.mycanyon.fr\/en\/wp-json\/wp\/v2\/pages\/586\/revisions"}],"predecessor-version":[{"id":11612,"href":"https:\/\/www.mycanyon.fr\/en\/wp-json\/wp\/v2\/pages\/586\/revisions\/11612"}],"wp:attachment":[{"href":"https:\/\/www.mycanyon.fr\/en\/wp-json\/wp\/v2\/media?parent=586"}],"curies":[{"name":"wp","href":"https:\/\/api.w.org\/{rel}","templated":true}]}}