{"id":2944,"date":"2022-04-24T14:32:40","date_gmt":"2022-04-24T13:32:40","guid":{"rendered":"https:\/\/www.mycanyon.fr\/?page_id=2944"},"modified":"2022-04-24T14:48:17","modified_gmt":"2022-04-24T13:48:17","slug":"activite-evg-ou-evjf-a-annecy","status":"publish","type":"page","link":"https:\/\/www.mycanyon.fr\/en\/activite-evg-ou-evjf-a-annecy\/","title":{"rendered":"BACHELOR(ETTE) PARTY IN ANNECY FOR YOUR CANYONING WITH FRIENDS"},"content":{"rendered":"<div id=\"pl-2944\"  class=\"panel-layout\" ><div id=\"pg-2944-0\"  class=\"panel-grid panel-no-style\" ><div id=\"pgc-2944-0-0\"  class=\"panel-grid-cell panel-grid-cell-empty\" ><\/div><div id=\"pgc-2944-0-1\"  class=\"panel-grid-cell panel-grid-cell-mobile-last\" ><div id=\"panel-2944-0-1-0\" class=\"so-panel widget widget_sow-editor panel-first-child panel-last-child\" data-index=\"0\" ><div\n\t\t\t\n\t\t\tclass=\"so-widget-sow-editor so-widget-sow-editor-base\"\n\t\t\t\n\t\t>\n<div class=\"siteorigin-widget-tinymce textwidget\">\n\t<h2 style=\"text-align: left;\"><strong><span style=\"color: #1693a5; font-size: 24pt;\">Have fun during your bachelor or bachelorette party in the rivers of Lake Annecy.<\/span><\/strong><\/h2>\n<p>&nbsp;<\/p>\n<p><span style=\"font-size: 12pt;\">You are looking for an original outing for your bachelor party, I prepare you an accessible canyoning outing where you will have time to have fun, laugh and encourage each other! In this sense I turn to rather playful courses!<\/span><\/p>\n<p><span style=\"font-size: 12pt;\">The advantage for the groom is that Annecy is an incredible playground, you will spend half a day in the water and then you can contemplate the mountains and the lake over an aperitif or go do another activity in Haute-Savoie.<\/span><\/p>\n<p><span style=\"font-size: 12pt;\"><em>As a wedding witness, organizing an bachelor(ette) party at Lake Annecy will delight your friends!<\/em><\/span><\/p>\n<p><span style=\"font-size: 12pt;\">If you want to come with your costumes, if possible we will take them into the canyon, it's just a question of safety.<\/span><\/p>\n<\/div>\n<\/div><\/div><\/div><div id=\"pgc-2944-0-2\"  class=\"panel-grid-cell panel-grid-cell-empty\" ><\/div><\/div><div id=\"pg-2944-1\"  class=\"panel-grid panel-no-style\" ><div id=\"pgc-2944-1-0\"  class=\"panel-grid-cell\" ><div id=\"panel-2944-1-0-0\" class=\"so-panel widget widget_media_image panel-first-child panel-last-child\" data-index=\"1\" ><div style=\"width: 1930px\" class=\"wp-caption alignnone\"><img decoding=\"async\" width=\"1920\" height=\"1283\" src=\"https:\/\/www.mycanyon.fr\/wp-content\/uploads\/2021\/02\/P7130565-groin-scaled.jpg\" class=\"image wp-image-3734  attachment-full size-full\" alt=\"activit\u00e9 EVG ou EVJF \u00e0 Annecy\" style=\"max-width: 100%; height: auto;\" srcset=\"https:\/\/www.mycanyon.fr\/wp-content\/uploads\/2021\/02\/P7130565-groin-scaled.jpg 1920w, https:\/\/www.mycanyon.fr\/wp-content\/uploads\/2021\/02\/P7130565-groin-300x200.jpg 300w, https:\/\/www.mycanyon.fr\/wp-content\/uploads\/2021\/02\/P7130565-groin-1024x684.jpg 1024w, https:\/\/www.mycanyon.fr\/wp-content\/uploads\/2021\/02\/P7130565-groin-768x513.jpg 768w, https:\/\/www.mycanyon.fr\/wp-content\/uploads\/2021\/02\/P7130565-groin-1536x1026.jpg 1536w, https:\/\/www.mycanyon.fr\/wp-content\/uploads\/2021\/02\/P7130565-groin-2048x1368.jpg 2048w, https:\/\/www.mycanyon.fr\/wp-content\/uploads\/2021\/02\/P7130565-groin-150x100.jpg 150w, https:\/\/www.mycanyon.fr\/wp-content\/uploads\/2021\/02\/P7130565-groin-272x182.jpg 272w\" sizes=\"(max-width: 1920px) 100vw, 1920px\" \/><p class=\"wp-caption-text\">Final basin in the canyon of the groin.<\/p><\/div><\/div><\/div><\/div><div id=\"pg-2944-2\"  class=\"panel-grid panel-no-style\" ><div id=\"pgc-2944-2-0\"  class=\"panel-grid-cell panel-grid-cell-empty\" ><\/div><div id=\"pgc-2944-2-1\"  class=\"panel-grid-cell panel-grid-cell-mobile-last\" ><div id=\"panel-2944-2-1-0\" class=\"so-panel widget widget_sow-editor panel-first-child panel-last-child\" data-index=\"2\" ><div\n\t\t\t\n\t\t\tclass=\"so-widget-sow-editor so-widget-sow-editor-base\"\n\t\t\t\n\t\t>\n<div class=\"siteorigin-widget-tinymce textwidget\">\n\t<h2 style=\"text-align: left;\"><strong><span style=\"color: #1693a5; font-size: 24pt;\">Bachelor and bachelorette parties in the mountains of Annecy.<\/span><\/strong><\/h2>\n<p>&nbsp;<\/p>\n<p class=\"translation-block\"><span style=\"font-size: 12pt\">Water is a wealth of our mountains: a water activity offers a privileged moment of conviviality. Thanks to our many rivers in the region, it is possible to have a <strong>relaxing activity in the water<\/strong>! This is aquatic hiking. As for this easy <a href=\"https:\/\/www.mycanyon.fr\/en\/canyoning-famille-annecy\/\" target=\"_self\"><strong>aquarando<\/strong><\/a>, you can do floating, <em>swimming in gorges<\/em> and jumping, but without discovering abseiling, a technical aspect of canyoning.<\/span><\/p>\n<p><span style=\"font-size: 12pt;\">On the other hand, if you want to embark on a more complete practice, the course of Angon or Pont du Diable are two fun courses mixing all aspects of canyoning that children and adults can discover.<\/span><\/p>\n<p>&nbsp;<\/p>\n<h3 style=\"text-align: left;\"><strong><span style=\"color: #1693a5; font-size: 24pt;\">The nature in the heart of your activity for an enteremment of life of sporting bachelor.<\/span><\/strong><\/h3>\n<p>&nbsp;<\/p>\n<p class=\"translation-block\"><span style=\"font-size: 12pt\">If you really have a good physical condition and you want <strong>a longer route<\/strong> during your half-day with friends, choose for Montmin Integral! Athletes will love the challenge of all <strong>canyon jumps<\/strong>. In particular, the highest jump is 7 meters high and you have to jump over the end of the rock that is two meters below! The canyon has steps interspersed with lots of waterfalls that you cross by sliding or jumping.<\/div><\/p>\n<p><span style=\"font-size: 12pt;\">So, try it! A bachelor party as a thrilling activity, does not leave indifferent.<\/span><\/p>\n<p>&nbsp;<\/p>\n<h3 style=\"text-align: left;\"><strong><span style=\"color: #1693a5; font-size: 24pt;\">Book easily the bachelorette party of the bride-to-be or the bachelor party of the groom-to-be in Annecy with My Canyon.<\/span><\/strong><\/h3>\n<p>&nbsp;<\/p>\n<p><span style=\"font-size: 12pt;\">When it comes to partying, you don't often need a good reason! That's why, for a reason like a bachelor party, it's important that everything goes smoothly.<\/span><\/p>\n<p class=\"translation-block\"><span style=\"font-size: 12pt\">After completing the <a href=\"https:\/\/www.mycanyon.fr\/en\/reservation-canyoning-lac-annecy\/\" target=\"_self\">reservation form <\/a> to fix your dates and the number of people, we can, thanks to the telephone contact that we will establish between us, check that everything will be fine for everyone<strong>.<\/strong><\/span><\/p>\n<p class=\"translation-block\"><span style=\"font-size: 12pt\">This important booking step is not just a click of a button to book, but understanding your profiles in order to <strong>meet your expectations as best as possible <\/strong>.<\/span><\/p>\n<p class=\"translation-block\"><span style=\"font-size: 12pt\">In addition, I offer a <em>photo session <\/em>for you to remember the beautiful memories of this moment.<\/span><\/p>\n<h4 style=\"text-align: left;\"><strong><span style=\"color: #1693a5; font-size: 24pt;\">No matter where you come from you will not be disappointed to have your bachelor party in Annecy.<\/span><\/strong><\/h4>\n<p>&nbsp;<\/p>\n<p class=\"translation-block\"><span style=\"font-size: 12pt\"><a href=\"https:\/\/www.lac-annecy.com\/\" target=\"_self\">Annecy<\/a> is a peaceful and lively city day and night ! It is bordered by the lake and the mountains which gives it a splendid setting from all points of view. If you have the chance to share moments with your best friends in a beautiful city like this, especially if you do some cool bars, your moments will remain engraved forever.<\/span><\/p>\n<p>&nbsp;<\/p>\n<h2 style=\"text-align: left;\"><strong><span style=\"color: #1693a5; font-size: 24pt;\">What price for the canyoning activity for your bachelor party in Annecy ?<\/span><\/strong><\/h2>\n<p>&nbsp;<\/p>\n<p class=\"translation-block\"><span style=\"font-size: 12pt\"><strong>My Canyon offers the place of the groom or the bride<\/strong> for a reservation from six people! Then the prices remain the same depending on the canyons. Count then a budget between 55 \u20ac and 65 \u20ac per person on average.<\/span><\/p>\n<p><span style=\"font-size: 12pt;\">To make your EVG or EVJF activity in Annecy even more fun, you can come with your drinks for the end of the activity or hand them to me so that I can hide them directly in the canyon for a surprise effect.<\/span><\/p>\n<\/div>\n<\/div><\/div><\/div><div id=\"pgc-2944-2-2\"  class=\"panel-grid-cell panel-grid-cell-empty\" ><\/div><\/div><div id=\"pg-2944-3\"  class=\"panel-grid panel-no-style\" ><div id=\"pgc-2944-3-0\"  class=\"panel-grid-cell panel-grid-cell-empty\" ><\/div><div id=\"pgc-2944-3-1\"  class=\"panel-grid-cell panel-grid-cell-mobile-last\" ><div id=\"panel-2944-3-1-0\" class=\"so-panel widget widget_sow-button panel-first-child panel-last-child\" data-index=\"3\" ><div\n\t\t\t\n\t\t\tclass=\"so-widget-sow-button so-widget-sow-button-atom-f54c0409268f-2944\"\n\t\t\t\n\t\t><div class=\"ow-button-base ow-button-align-center\"\n>\n\t\t\t<a\n\t\t\t\t\thref=\"https:\/\/www.mycanyon.fr\/en\/reserver-canyoning-annecy\/\"\n\t\t\t\t\tclass=\"sowb-button ow-icon-placement-left ow-button-hover\" \t>\n\t\t<span>\n\t\t\t\n\t\t\tBook\t\t<\/span>\n\t\t\t<\/a>\n\t<\/div>\n<\/div><\/div><\/div><div id=\"pgc-2944-3-2\"  class=\"panel-grid-cell panel-grid-cell-empty\" ><\/div><\/div><\/div>","protected":false},"excerpt":{"rendered":"<p>Amusez-vous lors de votre enterrement de vie de gar\u00e7on ou de jeune-fille dans les rivi\u00e8res du lac d\u2019Annecy. &nbsp; Vous cherchez une sortie originale pour votre EGV ou EVJF, je vous pr\u00e9pare une sortie en canyoning accessible et o\u00f9 vous aurez le temps de vous amuser, de rigoler et de\u2026<\/p>\n<p class=\"continue-reading-button\"> <a class=\"continue-reading-link\" href=\"https:\/\/www.mycanyon.fr\/en\/activite-evg-ou-evjf-a-annecy\/\">Continuer \u00e0 lire<i class=\"crycon-right-dir\"><\/i><\/a><\/p>","protected":false},"author":3,"featured_media":0,"parent":0,"menu_order":0,"comment_status":"closed","ping_status":"closed","template":"","meta":{"footnotes":""},"class_list":["post-2944","page","type-page","status-publish","hentry"],"yoast_head":"<!-- This site is optimized with the Yoast SEO plugin v27.5 - https:\/\/yoast.com\/product\/yoast-seo-wordpress\/ -->\n<title>ACTIVIT\u00c9 EVG OU EVJF \u00c0 ANNECY POUR VOTRE CANYONING ENTRE AMI(E)S<\/title>\n<meta name=\"description\" content=\"Du canyoning pour votre activit\u00e9 EVG ou EVJF \u00e0 Annecy ! J&#039;organise votre demi-journ\u00e9e d\u00e9butant ou sportif pour qu&#039;on s&#039;amusent tous ensemble.\" \/>\n<meta name=\"robots\" content=\"index, follow, max-snippet:-1, max-image-preview:large, max-video-preview:-1\" \/>\n<link rel=\"canonical\" href=\"https:\/\/www.mycanyon.fr\/en\/activite-evg-ou-evjf-a-annecy\/\" \/>\n<meta property=\"og:locale\" content=\"en_GB\" \/>\n<meta property=\"og:type\" content=\"article\" \/>\n<meta property=\"og:title\" content=\"ACTIVIT\u00c9 EVG OU EVJF \u00c0 ANNECY POUR VOTRE CANYONING ENTRE AMI(E)S\" \/>\n<meta property=\"og:description\" content=\"Du canyoning pour votre activit\u00e9 EVG ou EVJF \u00e0 Annecy ! J&#039;organise votre demi-journ\u00e9e d\u00e9butant ou sportif pour qu&#039;on s&#039;amusent tous ensemble.\" \/>\n<meta property=\"og:url\" content=\"https:\/\/www.mycanyon.fr\/en\/activite-evg-ou-evjf-a-annecy\/\" \/>\n<meta property=\"og:site_name\" content=\"MY CANYON - Canyoning au lac d&#039;Annecy\" \/>\n<meta property=\"article:publisher\" content=\"http:\/\/www.facebook.com\/annecy.canyon\/\" \/>\n<meta property=\"article:modified_time\" content=\"2022-04-24T13:48:17+00:00\" \/>\n<meta name=\"twitter:card\" content=\"summary_large_image\" \/>\n<meta name=\"twitter:label1\" content=\"Estimated reading time\" \/>\n\t<meta name=\"twitter:data1\" content=\"4 minutes\" \/>\n<script type=\"application\/ld+json\" class=\"yoast-schema-graph\">{\"@context\":\"https:\\\/\\\/schema.org\",\"@graph\":[{\"@type\":\"WebPage\",\"@id\":\"https:\\\/\\\/www.mycanyon.fr\\\/activite-evg-ou-evjf-a-annecy\\\/\",\"url\":\"https:\\\/\\\/www.mycanyon.fr\\\/activite-evg-ou-evjf-a-annecy\\\/\",\"name\":\"ACTIVIT\u00c9 EVG OU EVJF \u00c0 ANNECY POUR VOTRE CANYONING ENTRE AMI(E)S\",\"isPartOf\":{\"@id\":\"https:\\\/\\\/www.mycanyon.fr\\\/#website\"},\"datePublished\":\"2022-04-24T13:32:40+00:00\",\"dateModified\":\"2022-04-24T13:48:17+00:00\",\"description\":\"Du canyoning pour votre activit\u00e9 EVG ou EVJF \u00e0 Annecy ! J'organise votre demi-journ\u00e9e d\u00e9butant ou sportif pour qu'on s'amusent tous ensemble.\",\"breadcrumb\":{\"@id\":\"https:\\\/\\\/www.mycanyon.fr\\\/activite-evg-ou-evjf-a-annecy\\\/#breadcrumb\"},\"inLanguage\":\"en-GB\",\"potentialAction\":[{\"@type\":\"ReadAction\",\"target\":[\"https:\\\/\\\/www.mycanyon.fr\\\/activite-evg-ou-evjf-a-annecy\\\/\"]}]},{\"@type\":\"BreadcrumbList\",\"@id\":\"https:\\\/\\\/www.mycanyon.fr\\\/activite-evg-ou-evjf-a-annecy\\\/#breadcrumb\",\"itemListElement\":[{\"@type\":\"ListItem\",\"position\":1,\"name\":\"Accueil\",\"item\":\"https:\\\/\\\/www.mycanyon.fr\\\/\"},{\"@type\":\"ListItem\",\"position\":2,\"name\":\"ACTIVIT\u00c9 EVG OU EVJF \u00c0 ANNECY POUR VOTRE CANYONING ENTRE AMI(E)S\"}]},{\"@type\":\"WebSite\",\"@id\":\"https:\\\/\\\/www.mycanyon.fr\\\/#website\",\"url\":\"https:\\\/\\\/www.mycanyon.fr\\\/\",\"name\":\"MY CANYON - Canyoning au lac d&#039;Annecy\",\"description\":\"L&#039;exp\u00e9rience unique du canyoning - Fun &amp; Ludique\",\"publisher\":{\"@id\":\"https:\\\/\\\/www.mycanyon.fr\\\/#organization\"},\"potentialAction\":[{\"@type\":\"SearchAction\",\"target\":{\"@type\":\"EntryPoint\",\"urlTemplate\":\"https:\\\/\\\/www.mycanyon.fr\\\/?s={search_term_string}\"},\"query-input\":{\"@type\":\"PropertyValueSpecification\",\"valueRequired\":true,\"valueName\":\"search_term_string\"}}],\"inLanguage\":\"en-GB\"},{\"@type\":\"Organization\",\"@id\":\"https:\\\/\\\/www.mycanyon.fr\\\/#organization\",\"name\":\"MY CANYON\",\"url\":\"https:\\\/\\\/www.mycanyon.fr\\\/\",\"logo\":{\"@type\":\"ImageObject\",\"inLanguage\":\"en-GB\",\"@id\":\"https:\\\/\\\/www.mycanyon.fr\\\/#\\\/schema\\\/logo\\\/image\\\/\",\"url\":\"https:\\\/\\\/www.mycanyon.fr\\\/wp-content\\\/uploads\\\/2018\\\/03\\\/logo-mycanyon-png.png\",\"contentUrl\":\"https:\\\/\\\/www.mycanyon.fr\\\/wp-content\\\/uploads\\\/2018\\\/03\\\/logo-mycanyon-png.png\",\"width\":510,\"height\":283,\"caption\":\"MY CANYON\"},\"image\":{\"@id\":\"https:\\\/\\\/www.mycanyon.fr\\\/#\\\/schema\\\/logo\\\/image\\\/\"},\"sameAs\":[\"http:\\\/\\\/www.facebook.com\\\/annecy.canyon\\\/\",\"https:\\\/\\\/www.instagram.com\\\/my_canyon\\\/\",\"https:\\\/\\\/www.linkedin.com\\\/in\\\/r\u00e9my-vilanova-guide-canyoning\\\/\",\"https:\\\/\\\/www.youtube.com\\\/channel\\\/UCRILRMSQGoLIoT9EeJXn-Sg\"]}]}<\/script>\n<!-- \/ Yoast SEO plugin. -->","yoast_head_json":{"title":"BACHELOR(ETTE) PARTY IN ANNECY FOR YOUR CANYONING WITH FRIENDS","description":"Du canyoning pour votre activit\u00e9 EVG ou EVJF \u00e0 Annecy ! J'organise votre demi-journ\u00e9e d\u00e9butant ou sportif pour qu'on s'amusent tous ensemble.","robots":{"index":"index","follow":"follow","max-snippet":"max-snippet:-1","max-image-preview":"max-image-preview:large","max-video-preview":"max-video-preview:-1"},"canonical":"https:\/\/www.mycanyon.fr\/en\/activite-evg-ou-evjf-a-annecy\/","og_locale":"en_GB","og_type":"article","og_title":"ACTIVIT\u00c9 EVG OU EVJF \u00c0 ANNECY POUR VOTRE CANYONING ENTRE AMI(E)S","og_description":"Du canyoning pour votre activit\u00e9 EVG ou EVJF \u00e0 Annecy ! J'organise votre demi-journ\u00e9e d\u00e9butant ou sportif pour qu'on s'amusent tous ensemble.","og_url":"https:\/\/www.mycanyon.fr\/en\/activite-evg-ou-evjf-a-annecy\/","og_site_name":"MY CANYON - Canyoning au lac d&#039;Annecy","article_publisher":"http:\/\/www.facebook.com\/annecy.canyon\/","article_modified_time":"2022-04-24T13:48:17+00:00","twitter_card":"summary_large_image","twitter_misc":{"Estimated reading time":"4 minutes"},"schema":{"@context":"https:\/\/schema.org","@graph":[{"@type":"WebPage","@id":"https:\/\/www.mycanyon.fr\/activite-evg-ou-evjf-a-annecy\/","url":"https:\/\/www.mycanyon.fr\/activite-evg-ou-evjf-a-annecy\/","name":"BACHELOR(ETTE) PARTY IN ANNECY FOR YOUR CANYONING WITH FRIENDS","isPartOf":{"@id":"https:\/\/www.mycanyon.fr\/#website"},"datePublished":"2022-04-24T13:32:40+00:00","dateModified":"2022-04-24T13:48:17+00:00","description":"Du canyoning pour votre activit\u00e9 EVG ou EVJF \u00e0 Annecy ! J'organise votre demi-journ\u00e9e d\u00e9butant ou sportif pour qu'on s'amusent tous ensemble.","breadcrumb":{"@id":"https:\/\/www.mycanyon.fr\/activite-evg-ou-evjf-a-annecy\/#breadcrumb"},"inLanguage":"en-GB","potentialAction":[{"@type":"ReadAction","target":["https:\/\/www.mycanyon.fr\/activite-evg-ou-evjf-a-annecy\/"]}]},{"@type":"BreadcrumbList","@id":"https:\/\/www.mycanyon.fr\/activite-evg-ou-evjf-a-annecy\/#breadcrumb","itemListElement":[{"@type":"ListItem","position":1,"name":"Accueil","item":"https:\/\/www.mycanyon.fr\/"},{"@type":"ListItem","position":2,"name":"ACTIVIT\u00c9 EVG OU EVJF \u00c0 ANNECY POUR VOTRE CANYONING ENTRE AMI(E)S"}]},{"@type":"WebSite","@id":"https:\/\/www.mycanyon.fr\/#website","url":"https:\/\/www.mycanyon.fr\/","name":"MY CANYON - Canyoning au lac d&#039;Annecy","description":"L&#039;exp\u00e9rience unique du canyoning - Fun &amp; Ludique","publisher":{"@id":"https:\/\/www.mycanyon.fr\/#organization"},"potentialAction":[{"@type":"SearchAction","target":{"@type":"EntryPoint","urlTemplate":"https:\/\/www.mycanyon.fr\/?s={search_term_string}"},"query-input":{"@type":"PropertyValueSpecification","valueRequired":true,"valueName":"search_term_string"}}],"inLanguage":"en-GB"},{"@type":"Organization","@id":"https:\/\/www.mycanyon.fr\/#organization","name":"MY CANYON","url":"https:\/\/www.mycanyon.fr\/","logo":{"@type":"ImageObject","inLanguage":"en-GB","@id":"https:\/\/www.mycanyon.fr\/#\/schema\/logo\/image\/","url":"https:\/\/www.mycanyon.fr\/wp-content\/uploads\/2018\/03\/logo-mycanyon-png.png","contentUrl":"https:\/\/www.mycanyon.fr\/wp-content\/uploads\/2018\/03\/logo-mycanyon-png.png","width":510,"height":283,"caption":"MY CANYON"},"image":{"@id":"https:\/\/www.mycanyon.fr\/#\/schema\/logo\/image\/"},"sameAs":["http:\/\/www.facebook.com\/annecy.canyon\/","https:\/\/www.instagram.com\/my_canyon\/","https:\/\/www.linkedin.com\/in\/r\u00e9my-vilanova-guide-canyoning\/","https:\/\/www.youtube.com\/channel\/UCRILRMSQGoLIoT9EeJXn-Sg"]}]}},"_links":{"self":[{"href":"https:\/\/www.mycanyon.fr\/en\/wp-json\/wp\/v2\/pages\/2944","targetHints":{"allow":["GET"]}}],"collection":[{"href":"https:\/\/www.mycanyon.fr\/en\/wp-json\/wp\/v2\/pages"}],"about":[{"href":"https:\/\/www.mycanyon.fr\/en\/wp-json\/wp\/v2\/types\/page"}],"author":[{"embeddable":true,"href":"https:\/\/www.mycanyon.fr\/en\/wp-json\/wp\/v2\/users\/3"}],"replies":[{"embeddable":true,"href":"https:\/\/www.mycanyon.fr\/en\/wp-json\/wp\/v2\/comments?post=2944"}],"version-history":[{"count":47,"href":"https:\/\/www.mycanyon.fr\/en\/wp-json\/wp\/v2\/pages\/2944\/revisions"}],"predecessor-version":[{"id":5035,"href":"https:\/\/www.mycanyon.fr\/en\/wp-json\/wp\/v2\/pages\/2944\/revisions\/5035"}],"wp:attachment":[{"href":"https:\/\/www.mycanyon.fr\/en\/wp-json\/wp\/v2\/media?parent=2944"}],"curies":[{"name":"wp","href":"https:\/\/api.w.org\/{rel}","templated":true}]}}