{"id":2702,"date":"2020-02-16T19:43:56","date_gmt":"2020-02-16T18:43:56","guid":{"rendered":"https:\/\/www.mycanyon.fr\/?page_id=2702"},"modified":"2021-02-11T17:36:31","modified_gmt":"2021-02-11T16:36:31","slug":"canyoning-hivernal-lac-annecy","status":"publish","type":"page","link":"https:\/\/www.mycanyon.fr\/en\/canyoning-hivernal-lac-annecy\/","title":{"rendered":"WINTER CANYONING IN LAKE ANNECY : MY WINTER CANYON"},"content":{"rendered":"<div id=\"pl-2702\"  class=\"panel-layout\" ><div id=\"pg-2702-0\"  class=\"panel-grid panel-no-style\" ><div id=\"pgc-2702-0-0\"  class=\"panel-grid-cell\" ><div id=\"panel-2702-0-0-0\" class=\"so-panel widget widget_sow-editor panel-first-child\" data-index=\"0\" ><div\n\t\t\t\n\t\t\tclass=\"so-widget-sow-editor so-widget-sow-editor-base\"\n\t\t\t\n\t\t>\n<div class=\"siteorigin-widget-tinymce textwidget\">\n\t<h2><span style=\"font-family: georgia, palatino, serif; font-size: 24pt;\">Winter canyoning at Lake Annecy in dry suits, to be well in the cold water!<br \/>\n<\/span><\/h2>\n<p>&nbsp;<\/p>\n<p style=\"text-align: left;\">This new unusual activity to do in winter will please you! Looking for a different experience, <span style=\"text-decoration: underline;\">discover winter canyoning at Lake Annecy and in the region.<\/span> Note that you will wear a dry suit to stay warm and dry!<\/p>\n<p style=\"text-align: left;\">The winter canyoning will make you discover unknown sensations ! A good time to discover our canyons and to surpass yourself!<\/p>\n<\/div>\n<\/div><\/div><div id=\"panel-2702-0-0-1\" class=\"so-panel widget widget_sow-image\" data-index=\"1\" ><div\n\t\t\t\n\t\t\tclass=\"so-widget-sow-image so-widget-sow-image-default-8b5b6f678277-2702\"\n\t\t\t\n\t\t>\n<div class=\"sow-image-container\">\n\t\t<img \n\tsrc=\"https:\/\/www.mycanyon.fr\/wp-content\/uploads\/2020\/01\/DPP_1144.jpg\" width=\"1701\" height=\"1276\" srcset=\"https:\/\/www.mycanyon.fr\/wp-content\/uploads\/2020\/01\/DPP_1144.jpg 1701w, https:\/\/www.mycanyon.fr\/wp-content\/uploads\/2020\/01\/DPP_1144-300x225.jpg 300w, https:\/\/www.mycanyon.fr\/wp-content\/uploads\/2020\/01\/DPP_1144-1024x768.jpg 1024w, https:\/\/www.mycanyon.fr\/wp-content\/uploads\/2020\/01\/DPP_1144-768x576.jpg 768w, https:\/\/www.mycanyon.fr\/wp-content\/uploads\/2020\/01\/DPP_1144-1536x1152.jpg 1536w, https:\/\/www.mycanyon.fr\/wp-content\/uploads\/2020\/01\/DPP_1144-150x113.jpg 150w\" sizes=\"(max-width: 1701px) 100vw, 1701px\" title=\"winter canyoning \" alt=\"Canyoning hivernal\" \t\tclass=\"so-widget-image\"\/>\n\t<\/div>\n\n<\/div><\/div><div id=\"panel-2702-0-0-2\" class=\"so-panel widget widget_sow-editor panel-last-child\" data-index=\"2\" ><div\n\t\t\t\n\t\t\tclass=\"so-widget-sow-editor so-widget-sow-editor-base\"\n\t\t\t\n\t\t>\n<div class=\"siteorigin-widget-tinymce textwidget\">\n\t<h2 style=\"text-align: left;\" data-mce-style=\"text-align: left;\">The best period for winter canyoning at Lake Annecy is from October to May!<\/h2>\n<\/p>\n<p style=\"text-align: left;\" data-mce-style=\"text-align: left;\">In fact, the water can start to get cooler in the fall depending on the year. Especially in our more aquatic canyons, the comfort of being warm is immediately pleasant! Spring in our beautiful mountains melts the snow on the peaks, which feeds cold water to our rivers while also<strong> oxygenating and cleaning them.<\/strong> !<\/p>\n<p style=\"text-align: left;\" data-mce-style=\"text-align: left;\" class=\"translation-block\">L'autre avantage c'est que le d\u00e9bit peut \u00eatre sportif et joueur ! It is then the good occasion to pass to the notch of the top <strong>to rediscover an atmosphere<\/strong> more sporting than the small water net which one often has in summer.<\/p>\n<h3 style=\"text-align: center;\" data-mce-style=\"text-align: center;\">The canyon in winter is a new universe, a rediscovery!<\/h3>\n<\/p>\n<p style=\"text-align: left;\" data-mce-style=\"text-align: left;\">Why do you think we want to go canyoning in winter? Of course, apart from the desire to impress your friends and family and to say loud and clear: I did a new crazy activity, you can't even imagine! But it is not only about that and fortunately you will miss the best!<\/p>\n<p style=\"text-align: left;\" data-mce-style=\"text-align: left;\"><strong>Winter canyoning will plunge you into a calm, soothing and fantastic universe!<\/strong> The slightly more extreme side provides other sensations and a more intense feeling of surpassing oneself!<\/p>\n<p style=\"text-align: center;\" data-mce-style=\"text-align: center;\"><em>From this fact, the best, we will surely agree, is to see ice falls and to be able to throw snowballs in the middle of the canyon!<\/em><\/p>\n<p style=\"text-align: left;\" data-mce-style=\"text-align: left;\">However, to find these conditions, even more extraordinary, the sacrifice is to find canyons at higher altitudes, to have a good physical condition, motor skills and to manage the cold.<\/p>\n<\/div>\n<\/div><\/div><\/div><\/div><div id=\"pg-2702-1\"  class=\"panel-grid panel-no-style\" ><div id=\"pgc-2702-1-0\"  class=\"panel-grid-cell\" ><div id=\"panel-2702-1-0-0\" class=\"so-panel widget widget_sow-image panel-first-child\" data-index=\"3\" ><div\n\t\t\t\n\t\t\tclass=\"so-widget-sow-image so-widget-sow-image-default-8b5b6f678277-2702\"\n\t\t\t\n\t\t>\n<div class=\"sow-image-container\">\n\t\t<img \n\tsrc=\"https:\/\/www.mycanyon.fr\/wp-content\/uploads\/2020\/02\/PB090337c-e1609327729722.jpg\" width=\"1911\" height=\"601\" srcset=\"https:\/\/www.mycanyon.fr\/wp-content\/uploads\/2020\/02\/PB090337c-e1609327729722.jpg 1911w, https:\/\/www.mycanyon.fr\/wp-content\/uploads\/2020\/02\/PB090337c-e1609327729722-300x94.jpg 300w, https:\/\/www.mycanyon.fr\/wp-content\/uploads\/2020\/02\/PB090337c-e1609327729722-1024x322.jpg 1024w, https:\/\/www.mycanyon.fr\/wp-content\/uploads\/2020\/02\/PB090337c-e1609327729722-768x242.jpg 768w, https:\/\/www.mycanyon.fr\/wp-content\/uploads\/2020\/02\/PB090337c-e1609327729722-1536x483.jpg 1536w, https:\/\/www.mycanyon.fr\/wp-content\/uploads\/2020\/02\/PB090337c-e1609327729722-150x47.jpg 150w\" sizes=\"(max-width: 1911px) 100vw, 1911px\" title=\"Abseiling in drysuit winter canyoning\" alt=\"canyoning hivernal au lac d&#039;Annecy\" \t\tclass=\"so-widget-image\"\/>\n\t<\/div>\n\n<\/div><\/div><div id=\"panel-2702-1-0-1\" class=\"so-panel widget widget_sow-editor panel-last-child\" data-index=\"4\" ><div\n\t\t\t\n\t\t\tclass=\"so-widget-sow-editor so-widget-sow-editor-base\"\n\t\t\t\n\t\t>\n<div class=\"siteorigin-widget-tinymce textwidget\">\n\t<h2 style=\"text-align: left;\">What is the price of a canyoning trip in winter?<\/h2>\n<p>&nbsp;<\/p>\n<p style=\"text-align: left;\">For winter canyoning, the wetsuits used are top of the range equipment.<strong> The price is the summer rate, plus 30\u20ac for the specific equipment.<\/strong><\/p>\n<p style=\"text-align: left;\">However, the choice of this extra cost is explained by the fact that a drysuit costs four times more than a neoprene suit.<\/p>\n<p style=\"text-align: left;\"><strong>Photos are always offered at each outing!<\/strong><\/p>\n<p>&nbsp;<\/p>\n<h2 style=\"text-align: left;\">Who is winter canyoning for?<\/h2>\n<p>&nbsp;<\/p>\n<p style=\"text-align: left;\" class=\"translation-block\">In summer, each canyon can be easily adapted to make it more or less difficult depending on how you choose to overcome the obstacle. En hiver, \u00e9tant donn\u00e9 qu'il y a moins de choix possibles, la difficult\u00e9 est plus continue. So to be honest, I would say that <strong>winter canyoning is more for sporty people who are in control of their bodies and the possible imbalances of this kind of activity.<\/strong> Your own pleasure as well as your safety is at stake.<\/p>\n<p style=\"text-align: left;\" class=\"translation-block\">The number per group is set at <strong>6 people maximum<\/strong>. This remains to be verified according to the size and weight of the participants according to the equipment available.<\/p>\n<h3 style=\"text-align: left;\">Where can we practice winter canyoning in Lake Annecy ?<\/h3>\n<p>&nbsp;<\/p>\n<p style=\"text-align: left;\">First of all,<span style=\"text-decoration: underline;\"> the diversity of the offer is always the same because you can do the same canyons in summer as in winter!<\/span> Indeed, as long as the conditions allow it, we can go to the canyon of Angon or the canyon of Reposoir. That said, in winter the altitude will benefit the presence of ice and snow in a canyon.<\/p>\n<p style=\"text-align: left;\" class=\"translation-block\">On this, I made this choice because I know that <strong>each profile is different<\/strong> and for me, leading to <strong>your satisfaction<\/strong> throughout the canyon <strong>is essential<\/strong>! Then, what a pity it would be to limit ourselves, when we have a magnificent playground in Haute-Savoie!<\/p>\n<p style=\"text-align: left;\">This is why I am able to propose other winter canyons to adapt to you, choose the right playground and answer your desires. Winter canyoning also requires favorable weather conditions!<\/p>\n<p style=\"text-align: left;\" class=\"translation-block\">In conclusion, I am here to advise you and encourage you to fulfill your sporting desires, so do not hesitate to contact me<a href=\"https:\/\/www.mycanyon.fr\/en\/guide-local-lac-annecy\/\" target=\"_self\"> leave a message<\/a> for more information!<\/p>\n<p>&nbsp;<\/p>\n<h2 style=\"text-align: left;\">I explain the particularities of winter canyoning equipment!<\/h2>\n<p style=\"text-align: left;\" class=\"translation-block\">First of all, drysuits are fragile! Indeed, they are <span style=\"text-decoration: underline\">made of 100% waterproof fabric<\/span> arranged in several layers with neoprene or latex sleeves at the neck and wrists. A simple snag in the drysuit can put a strain on your canyoning descent, because if you get into the water, there is a risk of hypothermia.<\/p>\n<p style=\"text-align: left;\" class=\"translation-block\">Unlike the summer where neoprene warms a thin film of water between the skin and the suit; for winter practice, <strong>we dress warmly under the drysuit thanks to winter clothes!\"<\/strong> But if the water comes in we will immediately feel cold.<\/p>\n<p>&nbsp;<\/p>\n<p style=\"text-align: left;\"><strong>The wetsuits used are CE certified and are developed for river canoeing, the waterproofness is largely reliable!\u00a0<\/strong><\/p>\n<p>&nbsp;<\/p>\n<p style=\"text-align: left;\" class=\"translation-block\">The slides are reduced to limit the friction of the wetsuit, which is why <strong>jumps<\/strong> are then favored! In addition, the abseiling must be done more slowly and on the feet, which requires more implementation than just on the buttocks!<\/p>\n<p style=\"text-align: left;\" class=\"translation-block\">The slides are reduced to limit the friction of the wetsuit, which is why <strong>jumps<\/strong> are then favored! In addition, the abseiling must be done more slowly and on the feet, which requires more implementation than just on the buttocks!<\/p>\n<p style=\"text-align: center;\">\n<\/div>\n<\/div><\/div><\/div><\/div><div id=\"pg-2702-2\"  class=\"panel-grid panel-no-style\" ><div id=\"pgc-2702-2-0\"  class=\"panel-grid-cell panel-grid-cell-empty\" ><\/div><div id=\"pgc-2702-2-1\"  class=\"panel-grid-cell panel-grid-cell-mobile-last\" ><div id=\"panel-2702-2-1-0\" class=\"so-panel widget widget_sow-button panel-first-child\" data-index=\"5\" ><div\n\t\t\t\n\t\t\tclass=\"so-widget-sow-button so-widget-sow-button-wire-eaf8b49c72f7-2702\"\n\t\t\t\n\t\t><div class=\"ow-button-base ow-button-align-center\"\n>\n\t\t\t<a\n\t\t\t\t\thref=\"https:\/\/www.mycanyon.fr\/en\/reserver-canyoning-annecy\/\"\n\t\t\t\t\tclass=\"sowb-button ow-icon-placement-left ow-button-hover\" \t>\n\t\t<span>\n\t\t\t\n\t\t\tBOOK YOUR TRIP\t\t<\/span>\n\t\t\t<\/a>\n\t<\/div>\n<\/div><\/div><div id=\"panel-2702-2-1-1\" class=\"so-panel widget widget_sow-button panel-last-child\" data-index=\"6\" ><div\n\t\t\t\n\t\t\tclass=\"so-widget-sow-button so-widget-sow-button-wire-eaf8b49c72f7-2702\"\n\t\t\t\n\t\t><div class=\"ow-button-base ow-button-align-center\"\n>\n\t\t\t<a\n\t\t\t\t\thref=\"https:\/\/www.mycanyon.fr\/en\/canyoning-annecy\/\"\n\t\t\t\t\tclass=\"sowb-button ow-icon-placement-left ow-button-hover\" \t>\n\t\t<span>\n\t\t\t\n\t\t\tSee the summer canyons!\t\t<\/span>\n\t\t\t<\/a>\n\t<\/div>\n<\/div><\/div><\/div><div id=\"pgc-2702-2-2\"  class=\"panel-grid-cell panel-grid-cell-empty\" ><\/div><\/div><div id=\"pg-2702-3\"  class=\"panel-grid panel-no-style\" ><div id=\"pgc-2702-3-0\"  class=\"panel-grid-cell panel-grid-cell-empty\" ><\/div><div id=\"pgc-2702-3-1\"  class=\"panel-grid-cell\" ><div id=\"panel-2702-3-1-0\" class=\"so-panel widget widget_sow-social-media-buttons panel-first-child panel-last-child\" data-index=\"7\" ><div\n\t\t\t\n\t\t\tclass=\"so-widget-sow-social-media-buttons so-widget-sow-social-media-buttons-atom-a752d52aa3e0-2702\"\n\t\t\t\n\t\t>\n\n<div class=\"social-media-button-container\">\n\t\n\t\t<a \n\t\tclass=\"ow-button-hover sow-social-media-button-facebook-0 sow-social-media-button\" title=\"Facebook\" aria-label=\"Facebook\" target=\"_blank\" rel=\"noopener noreferrer\" href=\"http:\/\/www.facebook.com\/annecy.canyon\/\" \t\t>\n\t\t\t<span>\n\t\t\t\t\t\t\t\t<span class=\"sow-icon-fontawesome sow-fab\" data-sow-icon=\"&#xf39e;\"\n\t\t \n\t\taria-hidden=\"true\"><\/span>\t\t\t\t\t\t\t<\/span>\n\t\t<\/a>\n\t\n\t\t<a \n\t\tclass=\"ow-button-hover sow-social-media-button-instagram-0 sow-social-media-button\" title=\"Instagram\" aria-label=\"Instagram\" target=\"_blank\" rel=\"noopener noreferrer\" href=\"https:\/\/www.instagram.com\/my_canyon\/\" \t\t>\n\t\t\t<span>\n\t\t\t\t\t\t\t\t<span class=\"sow-icon-fontawesome sow-fab\" data-sow-icon=\"&#xf16d;\"\n\t\t \n\t\taria-hidden=\"true\"><\/span>\t\t\t\t\t\t\t<\/span>\n\t\t<\/a>\n\t<\/div>\n<\/div><\/div><\/div><div id=\"pgc-2702-3-2\"  class=\"panel-grid-cell panel-grid-cell-empty\" ><\/div><div id=\"pgc-2702-3-3\"  class=\"panel-grid-cell panel-grid-cell-mobile-last\" ><div id=\"panel-2702-3-3-0\" class=\"so-panel widget widget_sow-editor panel-first-child panel-last-child\" data-index=\"8\" ><div\n\t\t\t\n\t\t\tclass=\"so-widget-sow-editor so-widget-sow-editor-base\"\n\t\t\t\n\t\t>\n<div class=\"siteorigin-widget-tinymce textwidget\">\n\t<p><a href=\"https:\/\/www.google.com\/maps\/uv?hl=fr&amp;pb=!1s0x478b9412d76c5c97%3A0x5a0186f16295ee23!2m13!2m2!1i192!2i126!3m1!5b1!7m3!1m2!1e10!3e3!8m2!1m1!1e3!17e4!3m1!7e115!4shttps%3A%2F%2Flh5.googleusercontent.com%2Fp%2FAF1QipMXc4HxfOJbzDhWtXkdNDQkkY83rbPI53GMWjXU%3Dw192-h128-k-no!5sRecherche%20Google!15sCAQ\">See photos on Google My Canyon<\/a><\/p>\n<\/div>\n<\/div><\/div><\/div><div id=\"pgc-2702-3-4\"  class=\"panel-grid-cell panel-grid-cell-empty\" ><\/div><\/div><\/div>","protected":false},"excerpt":{"rendered":"<p>Le canyoning hivernal au lac d&rsquo;Annecy en combinaisons \u00e9tanches, pour \u00eatre bien dans l&rsquo;eau froide ! &nbsp; Cette nouvelle activit\u00e9 insolite \u00e0 faire l&rsquo;hiver va vous plaire ! \u00c0 la recherche d&rsquo;une exp\u00e9rience diff\u00e9rente, d\u00e9couvrez le canyoning hivernal au lac d&rsquo;Annecy et dans la r\u00e9gion. \u00c0 savoir que vous porterez\u2026<\/p>\n<p class=\"continue-reading-button\"> <a class=\"continue-reading-link\" href=\"https:\/\/www.mycanyon.fr\/en\/canyoning-hivernal-lac-annecy\/\">Continuer \u00e0 lire<i class=\"crycon-right-dir\"><\/i><\/a><\/p>","protected":false},"author":1,"featured_media":0,"parent":0,"menu_order":0,"comment_status":"closed","ping_status":"closed","template":"","meta":{"footnotes":""},"class_list":["post-2702","page","type-page","status-publish","hentry"],"yoast_head":"<!-- This site is optimized with the Yoast SEO plugin v27.6 - https:\/\/yoast.com\/product\/yoast-seo-wordpress\/ -->\n<title>CANYONING HIVERNAL AU LAC D&#039;ANNECY : MY WINTER CANYON<\/title>\n<meta name=\"description\" content=\"Le canyoning hivernal est une activit\u00e9 insolite \u00e0 faire aux alentours du lac d&#039;Annecy. Vous serez au sec avec des combinaisons \u00e9tanches !\" \/>\n<meta name=\"robots\" content=\"index, follow, max-snippet:-1, max-image-preview:large, max-video-preview:-1\" \/>\n<link rel=\"canonical\" href=\"https:\/\/www.mycanyon.fr\/en\/canyoning-hivernal-lac-annecy\/\" \/>\n<meta property=\"og:locale\" content=\"en_GB\" \/>\n<meta property=\"og:type\" content=\"article\" \/>\n<meta property=\"og:title\" content=\"CANYONING HIVERNAL AU LAC D&#039;ANNECY : MY WINTER CANYON\" \/>\n<meta property=\"og:description\" content=\"Le canyoning hivernal est une activit\u00e9 insolite \u00e0 faire aux alentours du lac d&#039;Annecy. Vous serez au sec avec des combinaisons \u00e9tanches !\" \/>\n<meta property=\"og:url\" content=\"https:\/\/www.mycanyon.fr\/en\/canyoning-hivernal-lac-annecy\/\" \/>\n<meta property=\"og:site_name\" content=\"MY CANYON - Canyoning au lac d&#039;Annecy\" \/>\n<meta property=\"article:publisher\" content=\"http:\/\/www.facebook.com\/annecy.canyon\/\" \/>\n<meta property=\"article:modified_time\" content=\"2021-02-11T16:36:31+00:00\" \/>\n<meta name=\"twitter:card\" content=\"summary_large_image\" \/>\n<meta name=\"twitter:label1\" content=\"Estimated reading time\" \/>\n\t<meta name=\"twitter:data1\" content=\"5 minutes\" \/>\n<script type=\"application\/ld+json\" class=\"yoast-schema-graph\">{\"@context\":\"https:\\\/\\\/schema.org\",\"@graph\":[{\"@type\":\"WebPage\",\"@id\":\"https:\\\/\\\/www.mycanyon.fr\\\/canyoning-hivernal-lac-annecy\\\/\",\"url\":\"https:\\\/\\\/www.mycanyon.fr\\\/canyoning-hivernal-lac-annecy\\\/\",\"name\":\"CANYONING HIVERNAL AU LAC D'ANNECY : MY WINTER CANYON\",\"isPartOf\":{\"@id\":\"https:\\\/\\\/www.mycanyon.fr\\\/#website\"},\"datePublished\":\"2020-02-16T18:43:56+00:00\",\"dateModified\":\"2021-02-11T16:36:31+00:00\",\"description\":\"Le canyoning hivernal est une activit\u00e9 insolite \u00e0 faire aux alentours du lac d'Annecy. Vous serez au sec avec des combinaisons \u00e9tanches !\",\"breadcrumb\":{\"@id\":\"https:\\\/\\\/www.mycanyon.fr\\\/canyoning-hivernal-lac-annecy\\\/#breadcrumb\"},\"inLanguage\":\"en-GB\",\"potentialAction\":[{\"@type\":\"ReadAction\",\"target\":[\"https:\\\/\\\/www.mycanyon.fr\\\/canyoning-hivernal-lac-annecy\\\/\"]}]},{\"@type\":\"BreadcrumbList\",\"@id\":\"https:\\\/\\\/www.mycanyon.fr\\\/canyoning-hivernal-lac-annecy\\\/#breadcrumb\",\"itemListElement\":[{\"@type\":\"ListItem\",\"position\":1,\"name\":\"Accueil\",\"item\":\"https:\\\/\\\/www.mycanyon.fr\\\/\"},{\"@type\":\"ListItem\",\"position\":2,\"name\":\"CANYONING HIVERNAL AU LAC D&rsquo;ANNECY : MY WINTER CANYON\"}]},{\"@type\":\"WebSite\",\"@id\":\"https:\\\/\\\/www.mycanyon.fr\\\/#website\",\"url\":\"https:\\\/\\\/www.mycanyon.fr\\\/\",\"name\":\"MY CANYON - Canyoning au lac d&#039;Annecy\",\"description\":\"L&#039;exp\u00e9rience unique du canyoning - Fun &amp; Ludique\",\"publisher\":{\"@id\":\"https:\\\/\\\/www.mycanyon.fr\\\/#organization\"},\"potentialAction\":[{\"@type\":\"SearchAction\",\"target\":{\"@type\":\"EntryPoint\",\"urlTemplate\":\"https:\\\/\\\/www.mycanyon.fr\\\/?s={search_term_string}\"},\"query-input\":{\"@type\":\"PropertyValueSpecification\",\"valueRequired\":true,\"valueName\":\"search_term_string\"}}],\"inLanguage\":\"en-GB\"},{\"@type\":\"Organization\",\"@id\":\"https:\\\/\\\/www.mycanyon.fr\\\/#organization\",\"name\":\"MY CANYON\",\"url\":\"https:\\\/\\\/www.mycanyon.fr\\\/\",\"logo\":{\"@type\":\"ImageObject\",\"inLanguage\":\"en-GB\",\"@id\":\"https:\\\/\\\/www.mycanyon.fr\\\/#\\\/schema\\\/logo\\\/image\\\/\",\"url\":\"https:\\\/\\\/www.mycanyon.fr\\\/wp-content\\\/uploads\\\/2018\\\/03\\\/logo-mycanyon-png.png\",\"contentUrl\":\"https:\\\/\\\/www.mycanyon.fr\\\/wp-content\\\/uploads\\\/2018\\\/03\\\/logo-mycanyon-png.png\",\"width\":510,\"height\":283,\"caption\":\"MY CANYON\"},\"image\":{\"@id\":\"https:\\\/\\\/www.mycanyon.fr\\\/#\\\/schema\\\/logo\\\/image\\\/\"},\"sameAs\":[\"http:\\\/\\\/www.facebook.com\\\/annecy.canyon\\\/\",\"https:\\\/\\\/www.instagram.com\\\/my_canyon\\\/\",\"https:\\\/\\\/www.linkedin.com\\\/in\\\/r\u00e9my-vilanova-guide-canyoning\\\/\",\"https:\\\/\\\/www.youtube.com\\\/channel\\\/UCRILRMSQGoLIoT9EeJXn-Sg\"]}]}<\/script>\n<!-- \/ Yoast SEO plugin. -->","yoast_head_json":{"title":"CANYONING HIVERNAL AU LAC D'ANNECY : MY WINTER CANYON","description":"Le canyoning hivernal est une activit\u00e9 insolite \u00e0 faire aux alentours du lac d'Annecy. Vous serez au sec avec des combinaisons \u00e9tanches !","robots":{"index":"index","follow":"follow","max-snippet":"max-snippet:-1","max-image-preview":"max-image-preview:large","max-video-preview":"max-video-preview:-1"},"canonical":"https:\/\/www.mycanyon.fr\/en\/canyoning-hivernal-lac-annecy\/","og_locale":"en_GB","og_type":"article","og_title":"CANYONING HIVERNAL AU LAC D'ANNECY : MY WINTER CANYON","og_description":"Le canyoning hivernal est une activit\u00e9 insolite \u00e0 faire aux alentours du lac d'Annecy. Vous serez au sec avec des combinaisons \u00e9tanches !","og_url":"https:\/\/www.mycanyon.fr\/en\/canyoning-hivernal-lac-annecy\/","og_site_name":"MY CANYON - Canyoning au lac d&#039;Annecy","article_publisher":"http:\/\/www.facebook.com\/annecy.canyon\/","article_modified_time":"2021-02-11T16:36:31+00:00","twitter_card":"summary_large_image","twitter_misc":{"Estimated reading time":"5 minutes"},"schema":{"@context":"https:\/\/schema.org","@graph":[{"@type":"WebPage","@id":"https:\/\/www.mycanyon.fr\/canyoning-hivernal-lac-annecy\/","url":"https:\/\/www.mycanyon.fr\/canyoning-hivernal-lac-annecy\/","name":"CANYONING HIVERNAL AU LAC D'ANNECY : MY WINTER CANYON","isPartOf":{"@id":"https:\/\/www.mycanyon.fr\/#website"},"datePublished":"2020-02-16T18:43:56+00:00","dateModified":"2021-02-11T16:36:31+00:00","description":"Le canyoning hivernal est une activit\u00e9 insolite \u00e0 faire aux alentours du lac d'Annecy. Vous serez au sec avec des combinaisons \u00e9tanches !","breadcrumb":{"@id":"https:\/\/www.mycanyon.fr\/canyoning-hivernal-lac-annecy\/#breadcrumb"},"inLanguage":"en-GB","potentialAction":[{"@type":"ReadAction","target":["https:\/\/www.mycanyon.fr\/canyoning-hivernal-lac-annecy\/"]}]},{"@type":"BreadcrumbList","@id":"https:\/\/www.mycanyon.fr\/canyoning-hivernal-lac-annecy\/#breadcrumb","itemListElement":[{"@type":"ListItem","position":1,"name":"Accueil","item":"https:\/\/www.mycanyon.fr\/"},{"@type":"ListItem","position":2,"name":"CANYONING HIVERNAL AU LAC D&rsquo;ANNECY : MY WINTER CANYON"}]},{"@type":"WebSite","@id":"https:\/\/www.mycanyon.fr\/#website","url":"https:\/\/www.mycanyon.fr\/","name":"MY CANYON - Canyoning au lac d&#039;Annecy","description":"L&#039;exp\u00e9rience unique du canyoning - Fun &amp; Ludique","publisher":{"@id":"https:\/\/www.mycanyon.fr\/#organization"},"potentialAction":[{"@type":"SearchAction","target":{"@type":"EntryPoint","urlTemplate":"https:\/\/www.mycanyon.fr\/?s={search_term_string}"},"query-input":{"@type":"PropertyValueSpecification","valueRequired":true,"valueName":"search_term_string"}}],"inLanguage":"en-GB"},{"@type":"Organization","@id":"https:\/\/www.mycanyon.fr\/#organization","name":"MY CANYON","url":"https:\/\/www.mycanyon.fr\/","logo":{"@type":"ImageObject","inLanguage":"en-GB","@id":"https:\/\/www.mycanyon.fr\/#\/schema\/logo\/image\/","url":"https:\/\/www.mycanyon.fr\/wp-content\/uploads\/2018\/03\/logo-mycanyon-png.png","contentUrl":"https:\/\/www.mycanyon.fr\/wp-content\/uploads\/2018\/03\/logo-mycanyon-png.png","width":510,"height":283,"caption":"MY CANYON"},"image":{"@id":"https:\/\/www.mycanyon.fr\/#\/schema\/logo\/image\/"},"sameAs":["http:\/\/www.facebook.com\/annecy.canyon\/","https:\/\/www.instagram.com\/my_canyon\/","https:\/\/www.linkedin.com\/in\/r\u00e9my-vilanova-guide-canyoning\/","https:\/\/www.youtube.com\/channel\/UCRILRMSQGoLIoT9EeJXn-Sg"]}]}},"_links":{"self":[{"href":"https:\/\/www.mycanyon.fr\/en\/wp-json\/wp\/v2\/pages\/2702","targetHints":{"allow":["GET"]}}],"collection":[{"href":"https:\/\/www.mycanyon.fr\/en\/wp-json\/wp\/v2\/pages"}],"about":[{"href":"https:\/\/www.mycanyon.fr\/en\/wp-json\/wp\/v2\/types\/page"}],"author":[{"embeddable":true,"href":"https:\/\/www.mycanyon.fr\/en\/wp-json\/wp\/v2\/users\/1"}],"replies":[{"embeddable":true,"href":"https:\/\/www.mycanyon.fr\/en\/wp-json\/wp\/v2\/comments?post=2702"}],"version-history":[{"count":80,"href":"https:\/\/www.mycanyon.fr\/en\/wp-json\/wp\/v2\/pages\/2702\/revisions"}],"predecessor-version":[{"id":4014,"href":"https:\/\/www.mycanyon.fr\/en\/wp-json\/wp\/v2\/pages\/2702\/revisions\/4014"}],"wp:attachment":[{"href":"https:\/\/www.mycanyon.fr\/en\/wp-json\/wp\/v2\/media?parent=2702"}],"curies":[{"name":"wp","href":"https:\/\/api.w.org\/{rel}","templated":true}]}}